{"id":239866,"date":"2024-04-24T16:11:10","date_gmt":"2024-04-24T16:11:10","guid":{"rendered":"https:\/\/www.eatcloud.com\/linguagem-de-design\/"},"modified":"2025-05-28T14:23:44","modified_gmt":"2025-05-28T14:23:44","slug":"linguagem-de-design","status":"publish","type":"page","link":"https:\/\/www.eatcloud.com\/pt-br\/linguagem-de-design\/","title":{"rendered":"Linguagem de design"},"content":{"rendered":"<p>[et_pb_section fb_built=&#8221;1&#8243; _builder_version=&#8221;4.18.0&#8243; _module_preset=&#8221;default&#8221; background_color=&#8221;#f0f2f4&#8243; custom_margin=&#8221;||||false|false&#8221; custom_padding=&#8221;100px||||false|false&#8221; locked=&#8221;off&#8221; global_colors_info=&#8221;{}&#8221;][et_pb_row _builder_version=&#8221;4.18.0&#8243; _module_preset=&#8221;default&#8221; global_colors_info=&#8221;{}&#8221;][et_pb_column type=&#8221;4_4&#8243; _builder_version=&#8221;4.18.0&#8243; _module_preset=&#8221;default&#8221; global_colors_info=&#8221;{}&#8221;][et_pb_post_title meta=&#8221;off&#8221; featured_image=&#8221;off&#8221; _builder_version=&#8221;4.18.0&#8243; _module_preset=&#8221;default&#8221; custom_margin=&#8221;||0px||false|false&#8221; global_colors_info=&#8221;{}&#8221;][\/et_pb_post_title][et_pb_text _builder_version=&#8221;4.18.0&#8243; _module_preset=&#8221;default&#8221; global_colors_info=&#8221;{}&#8221;]<\/p>\n<p>Como qualquer idioma, uma linguagem de design \u00e9 uma maneira met\u00f3dica de se comunicar com um p\u00fablico por meio de uma abordagem de design de produto. Ela \u00e9 a base de experi\u00eancias consistentes para o cliente. <\/p>\n<p>[\/et_pb_text][\/et_pb_column][\/et_pb_row][\/et_pb_section][et_pb_section fb_built=&#8221;1&#8243; _builder_version=&#8221;4.18.0&#8243; _module_preset=&#8221;default&#8221; custom_padding=&#8221;||60px||false|false&#8221; collapsed=&#8221;on&#8221; global_colors_info=&#8221;{}&#8221;][et_pb_row column_structure=&#8221;1_2,1_2&#8243; _builder_version=&#8221;4.18.0&#8243; _module_preset=&#8221;default&#8221; global_colors_info=&#8221;{}&#8221;][et_pb_column type=&#8221;1_2&#8243; _builder_version=&#8221;4.18.0&#8243; _module_preset=&#8221;default&#8221; global_colors_info=&#8221;{}&#8221;][et_pb_blurb title=&#8221;Sistema de design Nubola&#8221; url=&#8221;#&#8221; use_icon=&#8221;on&#8221; font_icon=&#8221;&#xf5b7;||fa||900&#8243; icon_color=&#8221;#FFFFFF&#8221; image_icon_background_color=&#8221;#00B3FE&#8221; image_icon_width=&#8221;30px&#8221; icon_alignment=&#8221;left&#8221; _builder_version=&#8221;4.27.4&#8243; _module_preset=&#8221;default&#8221; image_icon_custom_margin=&#8221;0px||0px||true|false&#8221; image_icon_custom_padding=&#8221;10px|10px|10px|10px|true|true&#8221; custom_padding=&#8221;20px|20px|20px|20px|true|true&#8221; hover_enabled=&#8221;0&#8243; border_radii=&#8221;on|10px|10px|10px|10px&#8221; border_width_all=&#8221;1px&#8221; border_color_all=&#8221;#D6D6D6&#8243; border_radii_image=&#8221;on|10px|10px|10px|10px&#8221; border_color_all_image=&#8221;#00B3FE&#8221; locked=&#8221;off&#8221; global_colors_info=&#8221;{}&#8221; sticky_enabled=&#8221;0&#8243;]<\/p>\n<p><span>Sem uma linguagem unificada, a interface do usu\u00e1rio come\u00e7a a se deteriorar.<\/span><\/p>\n<p><span>Os mockups s\u00e3o fotos est\u00e1ticas que ficam desatualizadas rapidamente. \u00c9 por isso que as equipes de design criam sistemas gr\u00e1ficos. <\/span><\/p>\n<p>[\/et_pb_blurb][\/et_pb_column][et_pb_column type=&#8221;1_2&#8243; _builder_version=&#8221;4.18.0&#8243; _module_preset=&#8221;default&#8221; global_colors_info=&#8221;{}&#8221;][et_pb_blurb title=&#8221;Diretrizes&#8221; url=&#8221;#&#8221; use_icon=&#8221;on&#8221; font_icon=&#8221;&#x69;||divi||400&#8243; icon_color=&#8221;#FFFFFF&#8221; image_icon_background_color=&#8221;#00B3FE&#8221; image_icon_width=&#8221;30px&#8221; icon_alignment=&#8221;left&#8221; _builder_version=&#8221;4.18.0&#8243; _module_preset=&#8221;default&#8221; image_icon_custom_margin=&#8221;0px||0px||true|false&#8221; image_icon_custom_padding=&#8221;10px|10px|10px|10px|true|true&#8221; custom_padding=&#8221;20px|20px|20px|20px|true|true&#8221; border_radii=&#8221;on|10px|10px|10px|10px&#8221; border_width_all=&#8221;1px&#8221; border_color_all=&#8221;#D6D6D6&#8243; border_radii_image=&#8221;on|10px|10px|10px|10px&#8221; border_color_all_image=&#8221;#00B3FE&#8221; locked=&#8221;off&#8221; global_colors_info=&#8221;{}&#8221;]<\/p>\n<p>Compreender como lidar com padr\u00f5es comuns de UX permitir\u00e1 que sua organiza\u00e7\u00e3o estabele\u00e7a uma abordagem consistente e uma experi\u00eancia de usu\u00e1rio em qualquer plataforma.<\/p>\n<p>[\/et_pb_blurb][\/et_pb_column][\/et_pb_row][\/et_pb_section]<\/p>\n","protected":false},"excerpt":{"rendered":"<p>Como qualquer idioma, uma linguagem de design \u00e9 uma maneira met\u00f3dica de se comunicar com um p\u00fablico por meio de uma abordagem de design de produto. Ela \u00e9 a base de experi\u00eancias consistentes para o cliente. Sem uma linguagem unificada, a interface do usu\u00e1rio come\u00e7a a se deteriorar. Os mockups s\u00e3o fotos est\u00e1ticas que ficam [&hellip;]<\/p>\n","protected":false},"author":1,"featured_media":0,"parent":0,"menu_order":0,"comment_status":"closed","ping_status":"closed","template":"","meta":{"_et_pb_use_builder":"on","_et_pb_old_content":"","_et_gb_content_width":"","footnotes":""},"class_list":["post-239866","page","type-page","status-publish","hentry"],"yoast_head":"<!-- This site is optimized with the Yoast SEO plugin v26.0 - https:\/\/yoast.com\/wordpress\/plugins\/seo\/ -->\n<title>Linguagem de design - Eatcloud<\/title>\n<meta name=\"robots\" content=\"index, follow, max-snippet:-1, max-image-preview:large, max-video-preview:-1\" \/>\n<link rel=\"canonical\" href=\"https:\/\/www.eatcloud.com\/pt-br\/linguagem-de-design\/\" \/>\n<meta property=\"og:locale\" content=\"pt_BR\" \/>\n<meta property=\"og:type\" content=\"article\" \/>\n<meta property=\"og:title\" content=\"Linguagem de design - Eatcloud\" \/>\n<meta property=\"og:description\" content=\"Como qualquer idioma, uma linguagem de design \u00e9 uma maneira met\u00f3dica de se comunicar com um p\u00fablico por meio de uma abordagem de design de produto. Ela \u00e9 a base de experi\u00eancias consistentes para o cliente. Sem uma linguagem unificada, a interface do usu\u00e1rio come\u00e7a a se deteriorar. Os mockups s\u00e3o fotos est\u00e1ticas que ficam [&hellip;]\" \/>\n<meta property=\"og:url\" content=\"https:\/\/www.eatcloud.com\/pt-br\/linguagem-de-design\/\" \/>\n<meta property=\"og:site_name\" content=\"Eatcloud\" \/>\n<meta property=\"article:publisher\" content=\"https:\/\/www.facebook.com\/Eatcloud-110503960352251\/\" \/>\n<meta property=\"article:modified_time\" content=\"2025-05-28T14:23:44+00:00\" \/>\n<meta property=\"og:image\" content=\"https:\/\/www.eatcloud.com\/wp-content\/uploads\/2020\/11\/Avatar-EatCloud-e1760667279987.png\" \/>\n\t<meta property=\"og:image:width\" content=\"300\" \/>\n\t<meta property=\"og:image:height\" content=\"300\" \/>\n\t<meta property=\"og:image:type\" content=\"image\/png\" \/>\n<meta name=\"twitter:card\" content=\"summary_large_image\" \/>\n<meta name=\"twitter:label1\" content=\"Est. tempo de leitura\" \/>\n\t<meta name=\"twitter:data1\" content=\"2 minutos\" \/>\n<script type=\"application\/ld+json\" class=\"yoast-schema-graph\">{\"@context\":\"https:\/\/schema.org\",\"@graph\":[{\"@type\":\"WebPage\",\"@id\":\"https:\/\/www.eatcloud.com\/pt-br\/linguagem-de-design\/\",\"url\":\"https:\/\/www.eatcloud.com\/pt-br\/linguagem-de-design\/\",\"name\":\"Linguagem de design - Eatcloud\",\"isPartOf\":{\"@id\":\"https:\/\/www.eatcloud.com\/pt-br\/#website\"},\"datePublished\":\"2024-04-24T16:11:10+00:00\",\"dateModified\":\"2025-05-28T14:23:44+00:00\",\"breadcrumb\":{\"@id\":\"https:\/\/www.eatcloud.com\/pt-br\/linguagem-de-design\/#breadcrumb\"},\"inLanguage\":\"pt-BR\",\"potentialAction\":[{\"@type\":\"ReadAction\",\"target\":[\"https:\/\/www.eatcloud.com\/pt-br\/linguagem-de-design\/\"]}]},{\"@type\":\"BreadcrumbList\",\"@id\":\"https:\/\/www.eatcloud.com\/pt-br\/linguagem-de-design\/#breadcrumb\",\"itemListElement\":[{\"@type\":\"ListItem\",\"position\":1,\"name\":\"Portada\",\"item\":\"https:\/\/www.eatcloud.com\/pt-br\/\"},{\"@type\":\"ListItem\",\"position\":2,\"name\":\"Linguagem de design\"}]},{\"@type\":\"WebSite\",\"@id\":\"https:\/\/www.eatcloud.com\/pt-br\/#website\",\"url\":\"https:\/\/www.eatcloud.com\/pt-br\/\",\"name\":\"Eatcloud\",\"description\":\"EatCloud es un puente entre excedentes de alimentos en perfecto estado, que no alcanzan a venderse o consumirse en m&uacute;ltiples canales y las instituciones y comunidades que mas los necesitan en cualquier latitud.\",\"publisher\":{\"@id\":\"https:\/\/www.eatcloud.com\/pt-br\/#organization\"},\"potentialAction\":[{\"@type\":\"SearchAction\",\"target\":{\"@type\":\"EntryPoint\",\"urlTemplate\":\"https:\/\/www.eatcloud.com\/pt-br\/?s={search_term_string}\"},\"query-input\":{\"@type\":\"PropertyValueSpecification\",\"valueRequired\":true,\"valueName\":\"search_term_string\"}}],\"inLanguage\":\"pt-BR\"},{\"@type\":\"Organization\",\"@id\":\"https:\/\/www.eatcloud.com\/pt-br\/#organization\",\"name\":\"EatCloud\",\"url\":\"https:\/\/www.eatcloud.com\/pt-br\/\",\"logo\":{\"@type\":\"ImageObject\",\"inLanguage\":\"pt-BR\",\"@id\":\"https:\/\/www.eatcloud.com\/pt-br\/#\/schema\/logo\/image\/\",\"url\":\"https:\/\/www.eatcloud.com\/wp-content\/uploads\/2020\/04\/icn-eatcloud.png\",\"contentUrl\":\"https:\/\/www.eatcloud.com\/wp-content\/uploads\/2020\/04\/icn-eatcloud.png\",\"width\":300,\"height\":300,\"caption\":\"EatCloud\"},\"image\":{\"@id\":\"https:\/\/www.eatcloud.com\/pt-br\/#\/schema\/logo\/image\/\"},\"sameAs\":[\"https:\/\/www.facebook.com\/Eatcloud-110503960352251\/\",\"https:\/\/www.instagram.com\/eat.cloud\/\"]}]}<\/script>\n<!-- \/ Yoast SEO plugin. -->","yoast_head_json":{"title":"Linguagem de design - Eatcloud","robots":{"index":"index","follow":"follow","max-snippet":"max-snippet:-1","max-image-preview":"max-image-preview:large","max-video-preview":"max-video-preview:-1"},"canonical":"https:\/\/www.eatcloud.com\/pt-br\/linguagem-de-design\/","og_locale":"pt_BR","og_type":"article","og_title":"Linguagem de design - Eatcloud","og_description":"Como qualquer idioma, uma linguagem de design \u00e9 uma maneira met\u00f3dica de se comunicar com um p\u00fablico por meio de uma abordagem de design de produto. Ela \u00e9 a base de experi\u00eancias consistentes para o cliente. Sem uma linguagem unificada, a interface do usu\u00e1rio come\u00e7a a se deteriorar. Os mockups s\u00e3o fotos est\u00e1ticas que ficam [&hellip;]","og_url":"https:\/\/www.eatcloud.com\/pt-br\/linguagem-de-design\/","og_site_name":"Eatcloud","article_publisher":"https:\/\/www.facebook.com\/Eatcloud-110503960352251\/","article_modified_time":"2025-05-28T14:23:44+00:00","og_image":[{"width":300,"height":300,"url":"https:\/\/www.eatcloud.com\/wp-content\/uploads\/2020\/11\/Avatar-EatCloud-e1760667279987.png","type":"image\/png"}],"twitter_card":"summary_large_image","twitter_misc":{"Est. tempo de leitura":"2 minutos"},"schema":{"@context":"https:\/\/schema.org","@graph":[{"@type":"WebPage","@id":"https:\/\/www.eatcloud.com\/pt-br\/linguagem-de-design\/","url":"https:\/\/www.eatcloud.com\/pt-br\/linguagem-de-design\/","name":"Linguagem de design - Eatcloud","isPartOf":{"@id":"https:\/\/www.eatcloud.com\/pt-br\/#website"},"datePublished":"2024-04-24T16:11:10+00:00","dateModified":"2025-05-28T14:23:44+00:00","breadcrumb":{"@id":"https:\/\/www.eatcloud.com\/pt-br\/linguagem-de-design\/#breadcrumb"},"inLanguage":"pt-BR","potentialAction":[{"@type":"ReadAction","target":["https:\/\/www.eatcloud.com\/pt-br\/linguagem-de-design\/"]}]},{"@type":"BreadcrumbList","@id":"https:\/\/www.eatcloud.com\/pt-br\/linguagem-de-design\/#breadcrumb","itemListElement":[{"@type":"ListItem","position":1,"name":"Portada","item":"https:\/\/www.eatcloud.com\/pt-br\/"},{"@type":"ListItem","position":2,"name":"Linguagem de design"}]},{"@type":"WebSite","@id":"https:\/\/www.eatcloud.com\/pt-br\/#website","url":"https:\/\/www.eatcloud.com\/pt-br\/","name":"Eatcloud","description":"EatCloud es un puente entre excedentes de alimentos en perfecto estado, que no alcanzan a venderse o consumirse en m&uacute;ltiples canales y las instituciones y comunidades que mas los necesitan en cualquier latitud.","publisher":{"@id":"https:\/\/www.eatcloud.com\/pt-br\/#organization"},"potentialAction":[{"@type":"SearchAction","target":{"@type":"EntryPoint","urlTemplate":"https:\/\/www.eatcloud.com\/pt-br\/?s={search_term_string}"},"query-input":{"@type":"PropertyValueSpecification","valueRequired":true,"valueName":"search_term_string"}}],"inLanguage":"pt-BR"},{"@type":"Organization","@id":"https:\/\/www.eatcloud.com\/pt-br\/#organization","name":"EatCloud","url":"https:\/\/www.eatcloud.com\/pt-br\/","logo":{"@type":"ImageObject","inLanguage":"pt-BR","@id":"https:\/\/www.eatcloud.com\/pt-br\/#\/schema\/logo\/image\/","url":"https:\/\/www.eatcloud.com\/wp-content\/uploads\/2020\/04\/icn-eatcloud.png","contentUrl":"https:\/\/www.eatcloud.com\/wp-content\/uploads\/2020\/04\/icn-eatcloud.png","width":300,"height":300,"caption":"EatCloud"},"image":{"@id":"https:\/\/www.eatcloud.com\/pt-br\/#\/schema\/logo\/image\/"},"sameAs":["https:\/\/www.facebook.com\/Eatcloud-110503960352251\/","https:\/\/www.instagram.com\/eat.cloud\/"]}]}},"_links":{"self":[{"href":"https:\/\/www.eatcloud.com\/pt-br\/wp-json\/wp\/v2\/pages\/239866","targetHints":{"allow":["GET"]}}],"collection":[{"href":"https:\/\/www.eatcloud.com\/pt-br\/wp-json\/wp\/v2\/pages"}],"about":[{"href":"https:\/\/www.eatcloud.com\/pt-br\/wp-json\/wp\/v2\/types\/page"}],"author":[{"embeddable":true,"href":"https:\/\/www.eatcloud.com\/pt-br\/wp-json\/wp\/v2\/users\/1"}],"replies":[{"embeddable":true,"href":"https:\/\/www.eatcloud.com\/pt-br\/wp-json\/wp\/v2\/comments?post=239866"}],"version-history":[{"count":6,"href":"https:\/\/www.eatcloud.com\/pt-br\/wp-json\/wp\/v2\/pages\/239866\/revisions"}],"predecessor-version":[{"id":239883,"href":"https:\/\/www.eatcloud.com\/pt-br\/wp-json\/wp\/v2\/pages\/239866\/revisions\/239883"}],"wp:attachment":[{"href":"https:\/\/www.eatcloud.com\/pt-br\/wp-json\/wp\/v2\/media?parent=239866"}],"curies":[{"name":"wp","href":"https:\/\/api.w.org\/{rel}","templated":true}]}}