{"id":239817,"date":"2020-04-27T16:14:19","date_gmt":"2020-04-27T16:14:19","guid":{"rendered":"https:\/\/www.eatcloud.com\/perguntas-frequentes\/"},"modified":"2025-05-28T14:14:32","modified_gmt":"2025-05-28T14:14:32","slug":"perguntas-frequentes","status":"publish","type":"page","link":"https:\/\/www.eatcloud.com\/pt-br\/perguntas-frequentes\/","title":{"rendered":"Perguntas frequentes"},"content":{"rendered":"<p>[et_pb_section fb_built=&#8221;1&#8243; _builder_version=&#8221;4.4.3&#8243;][et_pb_row _builder_version=&#8221;4.4.3&#8243;][et_pb_column _builder_version=&#8221;4.4.3&#8243; type=&#8221;4_4&#8243;][et_pb_text _builder_version=&#8221;4.4.3&#8243; hover_enabled=&#8221;0&#8243;]<\/p>\n<h1 class=\"big-tit\">Perguntas frequentes<\/h1>\n<p>[\/et_pb_text][\/et_pb_column][\/et_pb_row][\/et_pb_section][et_pb_section fb_built=&#8221;1&#8243; _builder_version=&#8221;4.4.3&#8243; use_background_color_gradient=&#8221;on&#8221; background_color_gradient_start=&#8221;#ffffff&#8221; background_color_gradient_end=&#8221;#f2f2f2&#8243; hover_enabled=&#8221;0&#8243;][et_pb_row _builder_version=&#8221;4.4.3&#8243; hover_enabled=&#8221;0&#8243;][et_pb_column _builder_version=&#8221;4.4.3&#8243; type=&#8221;4_4&#8243;][et_pb_accordion _builder_version=&#8221;4.4.3&#8243; hover_enabled=&#8221;0&#8243; closed_toggle_text_color=&#8221;#000000&#8243; open_toggle_text_color=&#8221;#000000&#8243; toggle_text_color=&#8221;#000000&#8243; box_shadow_style=&#8221;preset3&#8243; box_shadow_spread=&#8221;-15px&#8221; border_width_all=&#8221;0px&#8221; border_radii=&#8221;on|12px|12px|12px|12px&#8221;][et_pb_accordion_item title=&#8221;Posso me registrar como uma pessoa f\u00edsica?&#8221; _builder_version=&#8221;4.4.3&#8243; open=&#8221;on&#8221; hover_enabled=&#8221;0&#8243;]No momento, o registro \u00e9 para pessoas jur\u00eddicas, funda\u00e7\u00f5es, associa\u00e7\u00f5es, etc. [\/et_pb_accordion_item][et_pb_accordion_item title=&#8221;Eu sou uma pessoa f\u00edsica: posso receber doa\u00e7\u00f5es do EatCloud?&#8221; _builder_version=&#8221;4.4.3&#8243; open=&#8221;off&#8221; hover_enabled=&#8221;0&#8243;]Como voc\u00ea \u00e9 uma pessoa f\u00edsica, deve aguardar a abertura de um novo cart\u00f3rio onde possa se registrar. [\/et_pb_accordion_item][et_pb_accordion_item title=&#8221;O que devo colocar no campo \u201cDonation collection capacity\u201d (Capacidade de coleta de doa\u00e7\u00f5es)?&#8221; _builder_version=&#8221;4.4.3&#8243; hover_enabled=&#8221;0&#8243; open=&#8221;off&#8221;]Essas informa\u00e7\u00f5es correspondem \u00e0 quantidade de quilos que voc\u00ea pode coletar como doa\u00e7\u00e3o, considerando a capacidade log\u00edstica da institui\u00e7\u00e3o.[\/et_pb_accordion_item][et_pb_accordion_item title=&#8221;J\u00e1 me registrei como benefici\u00e1rio no EatCloud, o que vem a seguir?&#8221; _builder_version=&#8221;4.4.3&#8243; hover_enabled=&#8221;0&#8243; open=&#8221;off&#8221;]Criamos estes tutoriais simples para o registro de benefici\u00e1rios!  <\/p>\n<h3>1. cria\u00e7\u00e3o do benefici\u00e1rio no formul\u00e1rio da Web  <\/h3>\n<p><a href=\"https:\/\/www.eatcloud.com\/project\/1-creacion-de-beneficiario-en-el-formulario-web\/\">link: https:\/\/www.eatcloud.com\/project\/1-creacion-de-beneficiario-en-el-formulario-web\/<\/a><\/p>\n<h3>2. Baixe e instale o aplicativo do benefici\u00e1rio<br \/>\n<\/h3>\n<p><a href=\"https:\/\/play.google.com\/store\/apps\/details?id=co.nzzn.eatcloud.beneficiarios\">Link: https:\/\/play.google.com\/store\/apps\/details?id=co.nzzn.eatcloud.beneficiarios<\/a><\/p>\n<h3>3. sele\u00e7\u00e3o de doa\u00e7\u00f5es<br \/>\n<\/h3>\n<p><a href=\"https:\/\/www.eatcloud.com\/pt-br\/3-seleccion-de-donacion-2\/\">Link: https:\/\/www.eatcloud.com\/project\/3-seleccion-de-donacion\/<\/a><\/p>\n<h3>4. Cronograma de coleta de doa\u00e7\u00f5es<br \/>\n<\/h3>\n<p><a href=\"https:\/\/www.eatcloud.com\/pt-br\/4-programacion-de-recoleccion-de-donacion-3\/\">Link: https:\/\/www.eatcloud.com\/project\/4-programacion-de-recoleccion-de-donacion\/<\/a><\/p>\n<h3>5. Coleta de doa\u00e7\u00f5es e verifica\u00e7\u00e3o de produtos<br \/>\n<\/h3>\n<p><a href=\"https:\/\/www.eatcloud.com\/pt-br\/5-recoleccion-de-donacion-y-chequeo-de-productos-3\/\">Link: https:\/\/www.eatcloud.com\/project\/5-recoleccion-de-donacion-y-chequeo-de-productos\/<\/a><\/p>\n<h3>6. Qualifica\u00e7\u00e3o do doador<br \/>\n<\/h3>\n<p><a href=\"https:\/\/www.eatcloud.com\/project\/6-calificacion-de-donante\/\">Link: https:\/\/www.eatcloud.com\/project\/6-calificacion-de-donante\/<\/a><\/p>\n<h3>7. Verifica\u00e7\u00e3o de doa\u00e7\u00f5es<br \/>\n<\/h3>\n<p><a href=\"https:\/\/www.eatcloud.com\/project\/7-verificacion-de-donacion\/\">Link: https:\/\/www.eatcloud.com\/project\/7-verificacion-de-donacion\/<\/a>[\/et_pb_accordion_item][et_pb_accordion_item title=&#8221;\u201cO usu\u00e1rio n\u00e3o existe\u201d. N\u00e3o consigo lembrar minha senha &#8221; _builder_version=&#8221;4.4.3&#8243; hover_enabled=&#8221;0&#8243; open=&#8221;off&#8221;]Depois de instalar o aplicativo, lembre-se de que o nome de usu\u00e1rio e a senha s\u00e3o os que voc\u00ea inseriu no formul\u00e1rio de registro.[\/et_pb_accordion_item][et_pb_accordion_item title=&#8221;Tenho problemas com o formul\u00e1rio de registro, ele n\u00e3o reconhece minha localiza\u00e7\u00e3o.&#8221; _builder_version=&#8221;4.4.3&#8243; hover_enabled=&#8221;0&#8243; open=&#8221;off&#8221;]Se tiver problemas com a localiza\u00e7\u00e3o, voc\u00ea dever\u00e1 reiniciar o dispositivo ou o computador e fazer login novamente. Assim que ele carregar, voc\u00ea ser\u00e1 solicitado a autorizar a localiza\u00e7\u00e3o.<br \/>\nIsso \u00e9 essencial porque, se voc\u00ea n\u00e3o fizer isso, o mapa n\u00e3o ser\u00e1 ativado e o pa\u00eds n\u00e3o ser\u00e1 georreferenciado.[\/et_pb_accordion_item][\/et_pb_accordion][\/et_pb_column][\/et_pb_row][\/et_pb_section]<\/p>\n","protected":false},"excerpt":{"rendered":"<p>Perguntas frequentesNo momento, o registro \u00e9 para pessoas jur\u00eddicas, funda\u00e7\u00f5es, associa\u00e7\u00f5es, etc. Como voc\u00ea \u00e9 uma pessoa f\u00edsica, deve aguardar a abertura de um novo cart\u00f3rio onde possa se registrar. Essas informa\u00e7\u00f5es correspondem \u00e0 quantidade de quilos que voc\u00ea pode coletar como doa\u00e7\u00e3o, considerando a capacidade log\u00edstica da institui\u00e7\u00e3o.Criamos estes tutoriais simples para o registro [&hellip;]<\/p>\n","protected":false},"author":1,"featured_media":0,"parent":0,"menu_order":0,"comment_status":"closed","ping_status":"closed","template":"","meta":{"_et_pb_use_builder":"on","_et_pb_old_content":"","_et_gb_content_width":"","footnotes":""},"class_list":["post-239817","page","type-page","status-publish","hentry"],"yoast_head":"<!-- This site is optimized with the Yoast SEO plugin v26.0 - https:\/\/yoast.com\/wordpress\/plugins\/seo\/ -->\n<title>Perguntas frequentes - Eatcloud<\/title>\n<meta name=\"robots\" content=\"index, follow, max-snippet:-1, max-image-preview:large, max-video-preview:-1\" \/>\n<link rel=\"canonical\" href=\"https:\/\/www.eatcloud.com\/pt-br\/perguntas-frequentes\/\" \/>\n<meta property=\"og:locale\" content=\"pt_BR\" \/>\n<meta property=\"og:type\" content=\"article\" \/>\n<meta property=\"og:title\" content=\"Perguntas frequentes - Eatcloud\" \/>\n<meta property=\"og:description\" content=\"Perguntas frequentesNo momento, o registro \u00e9 para pessoas jur\u00eddicas, funda\u00e7\u00f5es, associa\u00e7\u00f5es, etc. Como voc\u00ea \u00e9 uma pessoa f\u00edsica, deve aguardar a abertura de um novo cart\u00f3rio onde possa se registrar. Essas informa\u00e7\u00f5es correspondem \u00e0 quantidade de quilos que voc\u00ea pode coletar como doa\u00e7\u00e3o, considerando a capacidade log\u00edstica da institui\u00e7\u00e3o.Criamos estes tutoriais simples para o registro [&hellip;]\" \/>\n<meta property=\"og:url\" content=\"https:\/\/www.eatcloud.com\/pt-br\/perguntas-frequentes\/\" \/>\n<meta property=\"og:site_name\" content=\"Eatcloud\" \/>\n<meta property=\"article:publisher\" content=\"https:\/\/www.facebook.com\/Eatcloud-110503960352251\/\" \/>\n<meta property=\"article:modified_time\" content=\"2025-05-28T14:14:32+00:00\" \/>\n<meta property=\"og:image\" content=\"https:\/\/www.eatcloud.com\/wp-content\/uploads\/2020\/11\/Avatar-EatCloud-e1760667279987.png\" \/>\n\t<meta property=\"og:image:width\" content=\"300\" \/>\n\t<meta property=\"og:image:height\" content=\"300\" \/>\n\t<meta property=\"og:image:type\" content=\"image\/png\" \/>\n<meta name=\"twitter:card\" content=\"summary_large_image\" \/>\n<meta name=\"twitter:label1\" content=\"Est. tempo de leitura\" \/>\n\t<meta name=\"twitter:data1\" content=\"3 minutos\" \/>\n<script type=\"application\/ld+json\" class=\"yoast-schema-graph\">{\"@context\":\"https:\/\/schema.org\",\"@graph\":[{\"@type\":\"WebPage\",\"@id\":\"https:\/\/www.eatcloud.com\/pt-br\/perguntas-frequentes\/\",\"url\":\"https:\/\/www.eatcloud.com\/pt-br\/perguntas-frequentes\/\",\"name\":\"Perguntas frequentes - Eatcloud\",\"isPartOf\":{\"@id\":\"https:\/\/www.eatcloud.com\/pt-br\/#website\"},\"datePublished\":\"2020-04-27T16:14:19+00:00\",\"dateModified\":\"2025-05-28T14:14:32+00:00\",\"breadcrumb\":{\"@id\":\"https:\/\/www.eatcloud.com\/pt-br\/perguntas-frequentes\/#breadcrumb\"},\"inLanguage\":\"pt-BR\",\"potentialAction\":[{\"@type\":\"ReadAction\",\"target\":[\"https:\/\/www.eatcloud.com\/pt-br\/perguntas-frequentes\/\"]}]},{\"@type\":\"BreadcrumbList\",\"@id\":\"https:\/\/www.eatcloud.com\/pt-br\/perguntas-frequentes\/#breadcrumb\",\"itemListElement\":[{\"@type\":\"ListItem\",\"position\":1,\"name\":\"Portada\",\"item\":\"https:\/\/www.eatcloud.com\/pt-br\/\"},{\"@type\":\"ListItem\",\"position\":2,\"name\":\"Perguntas frequentes\"}]},{\"@type\":\"WebSite\",\"@id\":\"https:\/\/www.eatcloud.com\/pt-br\/#website\",\"url\":\"https:\/\/www.eatcloud.com\/pt-br\/\",\"name\":\"Eatcloud\",\"description\":\"EatCloud es un puente entre excedentes de alimentos en perfecto estado, que no alcanzan a venderse o consumirse en m&uacute;ltiples canales y las instituciones y comunidades que mas los necesitan en cualquier latitud.\",\"publisher\":{\"@id\":\"https:\/\/www.eatcloud.com\/pt-br\/#organization\"},\"potentialAction\":[{\"@type\":\"SearchAction\",\"target\":{\"@type\":\"EntryPoint\",\"urlTemplate\":\"https:\/\/www.eatcloud.com\/pt-br\/?s={search_term_string}\"},\"query-input\":{\"@type\":\"PropertyValueSpecification\",\"valueRequired\":true,\"valueName\":\"search_term_string\"}}],\"inLanguage\":\"pt-BR\"},{\"@type\":\"Organization\",\"@id\":\"https:\/\/www.eatcloud.com\/pt-br\/#organization\",\"name\":\"EatCloud\",\"url\":\"https:\/\/www.eatcloud.com\/pt-br\/\",\"logo\":{\"@type\":\"ImageObject\",\"inLanguage\":\"pt-BR\",\"@id\":\"https:\/\/www.eatcloud.com\/pt-br\/#\/schema\/logo\/image\/\",\"url\":\"https:\/\/www.eatcloud.com\/wp-content\/uploads\/2020\/04\/icn-eatcloud.png\",\"contentUrl\":\"https:\/\/www.eatcloud.com\/wp-content\/uploads\/2020\/04\/icn-eatcloud.png\",\"width\":300,\"height\":300,\"caption\":\"EatCloud\"},\"image\":{\"@id\":\"https:\/\/www.eatcloud.com\/pt-br\/#\/schema\/logo\/image\/\"},\"sameAs\":[\"https:\/\/www.facebook.com\/Eatcloud-110503960352251\/\",\"https:\/\/www.instagram.com\/eat.cloud\/\"]}]}<\/script>\n<!-- \/ Yoast SEO plugin. -->","yoast_head_json":{"title":"Perguntas frequentes - Eatcloud","robots":{"index":"index","follow":"follow","max-snippet":"max-snippet:-1","max-image-preview":"max-image-preview:large","max-video-preview":"max-video-preview:-1"},"canonical":"https:\/\/www.eatcloud.com\/pt-br\/perguntas-frequentes\/","og_locale":"pt_BR","og_type":"article","og_title":"Perguntas frequentes - Eatcloud","og_description":"Perguntas frequentesNo momento, o registro \u00e9 para pessoas jur\u00eddicas, funda\u00e7\u00f5es, associa\u00e7\u00f5es, etc. Como voc\u00ea \u00e9 uma pessoa f\u00edsica, deve aguardar a abertura de um novo cart\u00f3rio onde possa se registrar. Essas informa\u00e7\u00f5es correspondem \u00e0 quantidade de quilos que voc\u00ea pode coletar como doa\u00e7\u00e3o, considerando a capacidade log\u00edstica da institui\u00e7\u00e3o.Criamos estes tutoriais simples para o registro [&hellip;]","og_url":"https:\/\/www.eatcloud.com\/pt-br\/perguntas-frequentes\/","og_site_name":"Eatcloud","article_publisher":"https:\/\/www.facebook.com\/Eatcloud-110503960352251\/","article_modified_time":"2025-05-28T14:14:32+00:00","og_image":[{"width":300,"height":300,"url":"https:\/\/www.eatcloud.com\/wp-content\/uploads\/2020\/11\/Avatar-EatCloud-e1760667279987.png","type":"image\/png"}],"twitter_card":"summary_large_image","twitter_misc":{"Est. tempo de leitura":"3 minutos"},"schema":{"@context":"https:\/\/schema.org","@graph":[{"@type":"WebPage","@id":"https:\/\/www.eatcloud.com\/pt-br\/perguntas-frequentes\/","url":"https:\/\/www.eatcloud.com\/pt-br\/perguntas-frequentes\/","name":"Perguntas frequentes - Eatcloud","isPartOf":{"@id":"https:\/\/www.eatcloud.com\/pt-br\/#website"},"datePublished":"2020-04-27T16:14:19+00:00","dateModified":"2025-05-28T14:14:32+00:00","breadcrumb":{"@id":"https:\/\/www.eatcloud.com\/pt-br\/perguntas-frequentes\/#breadcrumb"},"inLanguage":"pt-BR","potentialAction":[{"@type":"ReadAction","target":["https:\/\/www.eatcloud.com\/pt-br\/perguntas-frequentes\/"]}]},{"@type":"BreadcrumbList","@id":"https:\/\/www.eatcloud.com\/pt-br\/perguntas-frequentes\/#breadcrumb","itemListElement":[{"@type":"ListItem","position":1,"name":"Portada","item":"https:\/\/www.eatcloud.com\/pt-br\/"},{"@type":"ListItem","position":2,"name":"Perguntas frequentes"}]},{"@type":"WebSite","@id":"https:\/\/www.eatcloud.com\/pt-br\/#website","url":"https:\/\/www.eatcloud.com\/pt-br\/","name":"Eatcloud","description":"EatCloud es un puente entre excedentes de alimentos en perfecto estado, que no alcanzan a venderse o consumirse en m&uacute;ltiples canales y las instituciones y comunidades que mas los necesitan en cualquier latitud.","publisher":{"@id":"https:\/\/www.eatcloud.com\/pt-br\/#organization"},"potentialAction":[{"@type":"SearchAction","target":{"@type":"EntryPoint","urlTemplate":"https:\/\/www.eatcloud.com\/pt-br\/?s={search_term_string}"},"query-input":{"@type":"PropertyValueSpecification","valueRequired":true,"valueName":"search_term_string"}}],"inLanguage":"pt-BR"},{"@type":"Organization","@id":"https:\/\/www.eatcloud.com\/pt-br\/#organization","name":"EatCloud","url":"https:\/\/www.eatcloud.com\/pt-br\/","logo":{"@type":"ImageObject","inLanguage":"pt-BR","@id":"https:\/\/www.eatcloud.com\/pt-br\/#\/schema\/logo\/image\/","url":"https:\/\/www.eatcloud.com\/wp-content\/uploads\/2020\/04\/icn-eatcloud.png","contentUrl":"https:\/\/www.eatcloud.com\/wp-content\/uploads\/2020\/04\/icn-eatcloud.png","width":300,"height":300,"caption":"EatCloud"},"image":{"@id":"https:\/\/www.eatcloud.com\/pt-br\/#\/schema\/logo\/image\/"},"sameAs":["https:\/\/www.facebook.com\/Eatcloud-110503960352251\/","https:\/\/www.instagram.com\/eat.cloud\/"]}]}},"_links":{"self":[{"href":"https:\/\/www.eatcloud.com\/pt-br\/wp-json\/wp\/v2\/pages\/239817","targetHints":{"allow":["GET"]}}],"collection":[{"href":"https:\/\/www.eatcloud.com\/pt-br\/wp-json\/wp\/v2\/pages"}],"about":[{"href":"https:\/\/www.eatcloud.com\/pt-br\/wp-json\/wp\/v2\/types\/page"}],"author":[{"embeddable":true,"href":"https:\/\/www.eatcloud.com\/pt-br\/wp-json\/wp\/v2\/users\/1"}],"replies":[{"embeddable":true,"href":"https:\/\/www.eatcloud.com\/pt-br\/wp-json\/wp\/v2\/comments?post=239817"}],"version-history":[{"count":2,"href":"https:\/\/www.eatcloud.com\/pt-br\/wp-json\/wp\/v2\/pages\/239817\/revisions"}],"predecessor-version":[{"id":239822,"href":"https:\/\/www.eatcloud.com\/pt-br\/wp-json\/wp\/v2\/pages\/239817\/revisions\/239822"}],"wp:attachment":[{"href":"https:\/\/www.eatcloud.com\/pt-br\/wp-json\/wp\/v2\/media?parent=239817"}],"curies":[{"name":"wp","href":"https:\/\/api.w.org\/{rel}","templated":true}]}}