{"id":239805,"date":"2024-10-03T17:10:41","date_gmt":"2024-10-03T17:10:41","guid":{"rendered":"https:\/\/www.eatcloud.com\/politica-de-processamento-de-dados-pessoais\/"},"modified":"2025-05-28T14:14:23","modified_gmt":"2025-05-28T14:14:23","slug":"politica-de-processamento-de-dados-pessoais","status":"publish","type":"page","link":"https:\/\/www.eatcloud.com\/pt-br\/politica-de-processamento-de-dados-pessoais\/","title":{"rendered":"Pol\u00edtica de processamento de dados pessoais"},"content":{"rendered":"<p>[et_pb_section fb_built=&#8221;1&#8243; _builder_version=&#8221;4.16&#8243; global_colors_info=&#8221;{}&#8221;][et_pb_row _builder_version=&#8221;4.27.0&#8243; width_tablet=&#8221;50%&#8221; width_phone=&#8221;80%&#8221; width_last_edited=&#8221;on|desktop&#8221; custom_padding=&#8221;||11px|||&#8221; global_colors_info=&#8221;{}&#8221;][et_pb_column type=&#8221;4_4&#8243; _builder_version=&#8221;4.16&#8243; global_colors_info=&#8221;{}&#8221;][et_pb_post_title author=&#8221;off&#8221; comments=&#8221;off&#8221; featured_image=&#8221;off&#8221; _builder_version=&#8221;4.27.0&#8243; _module_preset=&#8221;default&#8221; global_colors_info=&#8221;{}&#8221;][\/et_pb_post_title][et_pb_text _builder_version=&#8221;4.27.0&#8243; _module_preset=&#8221;default&#8221; global_colors_info=&#8221;{}&#8221;]<\/p>\n<p>A EatCloud rege-se pelo princ\u00edpio da confidencialidade. Desta forma, as informa\u00e7\u00f5es fornecidas pelo usu\u00e1rio ser\u00e3o validadas nos sistemas de informa\u00e7\u00e3o, bases de dados ou bancos de dados de terceiros devidamente autorizados, sob o compromisso de manter a confidencialidade das informa\u00e7\u00f5es de car\u00e1ter pessoal, comercial, cont\u00e1bil, t\u00e9cnico, comercial ou aquelas obtidas a partir da execu\u00e7\u00e3o e exerc\u00edcio de suas fun\u00e7\u00f5es. <\/p>\n<p>A EatCloud poder\u00e1 utilizar sistemas de informa\u00e7\u00e3o e bancos de dados propriet\u00e1rios fornecidos pelo usu\u00e1rio e validados com bancos de dados com autoriza\u00e7\u00e3o para o processamento de informa\u00e7\u00f5es. A EatCloud garante ao usu\u00e1rio que, no que se refere \u00e0 transfer\u00eancia de dados pessoais, cumprir\u00e1 com as disposi\u00e7\u00f5es da legisla\u00e7\u00e3o local. <\/p>\n<p>Todas as informa\u00e7\u00f5es que voc\u00ea fornecer \u00e0 EatCloud est\u00e3o sujeitas \u00e0 Pol\u00edtica de Privacidade e Processamento de Informa\u00e7\u00f5es. O uso dos servi\u00e7os implica seu consentimento para a coleta, o uso dessas informa\u00e7\u00f5es e a transfer\u00eancia dessas informa\u00e7\u00f5es para os Estados Unidos ou outros pa\u00edses para armazenamento. <\/p>\n<p><strong>Objeto.<\/strong>  Fornecer informa\u00e7\u00f5es necess\u00e1rias e suficientes \u00e0s partes interessadas e estabelecer diretrizes para garantir a prote\u00e7\u00e3o dos dados pessoais processados por meio dos procedimentos da EatCloud.<\/p>\n<p><strong>  Grupo-alvo.<\/strong>  Ser\u00e1 aplic\u00e1vel a todos os bancos de dados, tanto f\u00edsicos quanto digitais, que contenham dados pessoais e que estejam sujeitos a processamento pela EatCloud, considerada respons\u00e1vel. Da mesma forma, nos casos em que atua como processador de dados pessoais. <\/p>\n<p>A pol\u00edtica visa fornecer aos usu\u00e1rios as informa\u00e7\u00f5es necess\u00e1rias e suficientes sobre os diferentes processamentos e finalidades para os quais seus dados ser\u00e3o utilizados, bem como os direitos que eles podem exercer contra a EatCloud.<br \/>Esta pol\u00edtica \u00e9 de conhecimento e cumprimento obrigat\u00f3rio por todas as pessoas f\u00edsicas ou jur\u00eddicas respons\u00e1veis pela administra\u00e7\u00e3o dos bancos de dados pessoais da EatCloud.<\/p>\n<p><strong>Escopo.<\/strong><br \/>Para processar as diferentes solicita\u00e7\u00f5es e reclama\u00e7\u00f5es feitas pelos Titulares dos Dados. Cumprir com as exig\u00eancias da normativa vigente em mat\u00e9ria de Prote\u00e7\u00e3o de Dados Pessoais.<br \/>Proporcionar a devida prote\u00e7\u00e3o aos interesses e necessidades dos titulares dos Dados Pessoais tratados pela EatCloud.<br \/>Dados coletados. A EatCloud coleta os seguintes dados:<br \/>Dados que os usu\u00e1rios fornecem \u00e0 EatCloud, como os dados que eles fornecem ao preencher o formul\u00e1rio de registro.<br \/>Dados que s\u00e3o gerados ao usar nossos servi\u00e7os, como detalhes do dispositivo, localiza\u00e7\u00e3o e uso do aplicativo.<br \/>Dados gerados quando voc\u00ea gerencia doa\u00e7\u00f5es por meio de nosso aplicativo, como caracteriza\u00e7\u00e3o de doa\u00e7\u00f5es.<br \/>Dados de outras fontes, como outros usu\u00e1rios ou propriet\u00e1rios de contas, parceiros comerciais, provedores de solu\u00e7\u00f5es gerais, de seguros ou financeiras e autoridades governamentais.<br \/>Dados de usu\u00e1rios quando eles solicitam registro, atualizam ou usam suas contas. Isso pode incluir seu nome, endere\u00e7o de e-mail, n\u00famero de telefone, nome de usu\u00e1rio e senha, endere\u00e7o. Tamb\u00e9m inclui informa\u00e7\u00f5es sobre o ve\u00edculo usado para mobilizar doa\u00e7\u00f5es. Tamb\u00e9m podemos inferir dados demogr\u00e1ficos a partir de outras informa\u00e7\u00f5es que coletamos dos usu\u00e1rios.<br \/>Dados que os usu\u00e1rios enviam quando entram em contato com a central de atendimento, \u00e1rea de documentos ou se comunicam de outra forma com a EatCloud. Isso pode incluir coment\u00e1rios, fotografias ou outras grava\u00e7\u00f5es que os usu\u00e1rios coletam, incluindo \u00e1udio ou v\u00eddeo (como de dashcams), e enviam para a central de atendimento ou para a \u00e1rea de documentos. Tamb\u00e9m inclui metadados relacionados ao m\u00e9todo usado para entrar em contato com o EatCloud.       <br \/>Informa\u00e7\u00f5es sobre o itiner\u00e1rio da doa\u00e7\u00e3o, incluindo hor\u00e1rios e datas de viagem, detalhes do fornecedor de transporte, \u00e1rea de entrega e produtos.<br \/>Dados de localiza\u00e7\u00e3o precisos ou aproximados de usu\u00e1rios que usam qualquer um dos servi\u00e7os do site e gerentes de doa\u00e7\u00f5es que usam os servi\u00e7os de aplicativos para permitir e melhorar o uso de nossos aplicativos, otimizar os est\u00e1gios de opera\u00e7\u00e3o, facilitar a veicula\u00e7\u00e3o e a entrega de an\u00fancios e prevenir e detectar fraudes.<br \/>Dados sobre os dispositivos usados para acessar nossos servi\u00e7os, incluindo modelos de hardware, endere\u00e7o IP ou outros identificadores exclusivos de dispositivos, sistemas operacionais e vers\u00f5es, software, idiomas preferidos, identificadores de publicidade e informa\u00e7\u00f5es de rede m\u00f3vel ou de movimenta\u00e7\u00e3o de dispositivos.<\/p>\n<p><strong>Processamento de dados.<\/strong>  A EatCloud realizar\u00e1 opera\u00e7\u00f5es que incluem coleta, armazenamento, organiza\u00e7\u00e3o, uso, circula\u00e7\u00e3o, transmiss\u00e3o, transfer\u00eancia, atualiza\u00e7\u00e3o, retifica\u00e7\u00e3o, apagamento, exclus\u00e3o e gerenciamento dos dados de acordo com a natureza e em conformidade com as finalidades estabelecidas nesta Pol\u00edtica. Os dados pessoais ser\u00e3o processados de acordo com as partes interessadas e em propor\u00e7\u00e3o \u00e0 finalidade, conforme descrito abaixo <\/p>\n<p>Especificamente, o processamento ser\u00e1 realizado da seguinte forma:<br \/>a.- Para controlar e atender a solicita\u00e7\u00f5es relacionadas \u00e0 presta\u00e7\u00e3o de servi\u00e7os.<br \/>b.- Desenvolver e implementar programas de v\u00ednculo e perman\u00eancia.<br \/>c.- Gerenciar as informa\u00e7\u00f5es necess\u00e1rias para o cumprimento das obriga\u00e7\u00f5es.<br \/>d.- Avaliar a qualidade dos servi\u00e7os prestados.<br \/>e.- Realizar campanhas, atividades de divulga\u00e7\u00e3o e treinamento.<br \/>f.- Enviar uma resposta \u00e0s solicita\u00e7\u00f5es feitas.<br \/>g.- Realizar trabalhos de acompanhamento, monitoramento e avalia\u00e7\u00e3o.<br \/>h.- Enviar comunica\u00e7\u00f5es emitidas pelas \u00e1reas de monitoramento, acompanhamento ou avalia\u00e7\u00e3o.<br \/>i. Enviar relat\u00f3rios para entidades ou \u00e1reas autorizadas.<br \/>j.- Fornecer servi\u00e7os de informa\u00e7\u00e3o atrav\u00e9s dos diferentes meios de contato.<br \/>k.- Realizar todas as atividades necess\u00e1rias para o cumprimento dos diferentes est\u00e1gios da opera\u00e7\u00e3o.<br \/>l.- Quaisquer outros fins determinados no \u00e2mbito das fun\u00e7\u00f5es da EatCloud.<\/p>\n<p><strong>A\u00e7\u00f5es de seguran\u00e7a.<\/strong> A EatCloud est\u00e1 comprometida com a seguran\u00e7a do usu\u00e1rio e implementa as seguintes a\u00e7\u00f5es:<br \/>Use dados de dispositivo, localiza\u00e7\u00e3o, perfil, uso e outros dados para prevenir, detectar e combater fraudes. Isso inclui a identifica\u00e7\u00e3o de contas ou usos fraudulentos de nossos servi\u00e7os, a preven\u00e7\u00e3o do uso dos servi\u00e7os por usu\u00e1rios n\u00e3o autorizados, a verifica\u00e7\u00e3o da identidade de usu\u00e1rios relacionados e a preven\u00e7\u00e3o e o combate ao acesso n\u00e3o autorizado a contas de usu\u00e1rios. <br \/>Usar classifica\u00e7\u00f5es, incidentes relatados e outros coment\u00e1rios para promover a conformidade com nossos termos de uso e como motivo para desativar as contas de usu\u00e1rios com classifica\u00e7\u00f5es baixas ou que de outra forma violem nossos termos de uso.<br \/>Compartilhar informa\u00e7\u00f5es sobre incidentes graves de seguran\u00e7a ou de conformidade local com terceiros, incluindo outras entidades envolvidas na opera\u00e7\u00e3o, a fim de evitar que eles representem um risco para a plataforma ou para os usu\u00e1rios que utilizam os servi\u00e7os, e compartilhar essas informa\u00e7\u00f5es com as pessoas afetadas por esses incidentes, caso eles tenham levado \u00e0 desativa\u00e7\u00e3o da conta.<br \/>Use classifica\u00e7\u00f5es, uso e outros dados para evitar a correspond\u00eancia entre usu\u00e1rios e doadores com maior risco de conflito.<\/p>\n<p>Usar as informa\u00e7\u00f5es coletadas por meio da central de servi\u00e7os (que podem incluir grava\u00e7\u00f5es de chamadas) para fornecer suporte ao cliente, inclusive para investigar e resolver preocupa\u00e7\u00f5es dos usu\u00e1rios, e para monitorar e melhorar as respostas e os processos de suporte ao cliente.<\/p>\n<p>Usar os dados em testes, pesquisas, an\u00e1lises, desenvolvimento de produtos e processos de aprendizado de m\u00e1quina para otimizar a experi\u00eancia do usu\u00e1rio. Isso nos permite melhorar a seguran\u00e7a de nossos servi\u00e7os, torn\u00e1-los mais convenientes e f\u00e1ceis de usar e desenvolver novos servi\u00e7os e recursos. <\/p>\n<p>Use os dados do dispositivo para identificar os indiv\u00edduos cujas a\u00e7\u00f5es colocam a opera\u00e7\u00e3o em risco.<\/p>\n<p><strong>Transfer\u00eancia e transmiss\u00e3o de dados.<\/strong>  A EatCloud poder\u00e1 transferir e transmitir dados pessoais a terceiros com os quais tenha uma rela\u00e7\u00e3o operacional ou contratual. Tamb\u00e9m poder\u00e1 transferir tais dados para outros pa\u00edses para armazenamento.<br \/>Ser\u00e3o tomadas as medidas necess\u00e1rias para garantir que as pessoas com acesso cumpram esta Pol\u00edtica. <\/p>\n<p><strong>Autoriza\u00e7\u00e3o do titular.<\/strong>  O processamento requer a autoriza\u00e7\u00e3o pr\u00e9via e informada do Titular dos Dados, que deve ser obtida por qualquer meio que possa estar sujeito a consulta posterior. Entende-se que a autoriza\u00e7\u00e3o cumpre esses requisitos quando \u00e9 expressa (i) por escrito, (ii) oralmente ou (iii) por meio de uma conduta inequ\u00edvoca do titular dos dados que permita uma conclus\u00e3o razo\u00e1vel de que ele concedeu a autoriza\u00e7\u00e3o.    <\/p>\n<p>A autoriza\u00e7\u00e3o do Titular dos Dados n\u00e3o ser\u00e1 necess\u00e1ria quando se tratar de:<br \/>a) Informa\u00e7\u00f5es exigidas pela Entidade, no exerc\u00edcio de suas fun\u00e7\u00f5es legais ou por ordem judicial.<br \/>b) Dados de natureza p\u00fablica.<br \/>c) Casos de emerg\u00eancia m\u00e9dica ou de sa\u00fade.<br \/>d) Processamento de informa\u00e7\u00f5es autorizadas por lei para fins hist\u00f3ricos, estat\u00edsticos ou cient\u00edficos.<br \/>e) Mapas de calor.<\/p>\n<p>A EatCloud informa a voc\u00ea, de forma clara e precisa, o tratamento ao qual seus dados pessoais ser\u00e3o submetidos e a finalidade para a qual ser\u00e3o utilizados. O car\u00e1ter facultativo da resposta \u00e0s perguntas que lhe forem feitas, quando se tratar de dados sens\u00edveis ou de dados de crian\u00e7as e adolescentes. Os direitos a que o titular dos dados tem direito. A identifica\u00e7\u00e3o, o endere\u00e7o f\u00edsico ou eletr\u00f4nico e o n\u00famero de telefone do controlador de dados. A EatCloud mant\u00e9m comprovante do cumprimento do disposto acima.    <\/p>\n<p><strong>\u00c1rea respons\u00e1vel.<\/strong>  As solicita\u00e7\u00f5es, consultas e reclama\u00e7\u00f5es feitas pelos titulares de dados pessoais processados pela EatCloud poder\u00e3o apresentar pedidos para exercer seus direitos de conhecimento, atualiza\u00e7\u00e3o, retifica\u00e7\u00e3o e exclus\u00e3o de dados, ou revoga\u00e7\u00e3o de autoriza\u00e7\u00e3o, que dever\u00e3o ser dirigidos a:<\/p>\n<p>&#8211; Telefone: +57 323 9023235<br \/>&#8211; E-mail: soporte@eatcloud.com<br \/>&#8211; Site: www.eatcloud.com<\/p>\n<p><strong>Procedimento para lidar com os direitos dos titulares de dados.<\/strong><\/p>\n<p>As solicita\u00e7\u00f5es por escrito devem ser enviadas por e-mail e devem conter pelo menos as seguintes informa\u00e7\u00f5es:<\/p>\n<p>a. A identifica\u00e7\u00e3o do Controlador de Dados.<br \/>b. Detalhes de contato (endere\u00e7o f\u00edsico e\/ou eletr\u00f4nico e n\u00fameros de telefone de contato). <br \/>c. Os documentos que comprovem a identidade do Titular dos Dados ou a representa\u00e7\u00e3o de seu representante.<br \/>d. Uma descri\u00e7\u00e3o clara e precisa dos Dados Pessoais em rela\u00e7\u00e3o aos quais o Titular dos Dados busca exercer qualquer um dos direitos.<br \/>e. Uma descri\u00e7\u00e3o dos fatos que d\u00e3o origem \u00e0 reivindica\u00e7\u00e3o.<br \/>f. Os documentos a serem reivindicados.<br \/>g. Assinatura e n\u00famero de identifica\u00e7\u00e3o.<br \/>h. Arquivamento no original.      <\/p>\n<p>Caso a solicita\u00e7\u00e3o seja enviada por outro canal autorizado, a \u00e1rea respons\u00e1vel dever\u00e1 encaminh\u00e1-la ao escrit\u00f3rio de prote\u00e7\u00e3o de dados pessoais.<\/p>\n<p><strong>Prazos para responder a solicita\u00e7\u00f5es ou reclama\u00e7\u00f5es:<\/strong> As solicita\u00e7\u00f5es recebidas pelos meios acima ser\u00e3o tratadas em um prazo m\u00e1ximo de dez (15) dias \u00fateis a partir da data de recebimento.<\/p>\n<p>Se for imposs\u00edvel tratar a consulta dentro desse per\u00edodo, a parte interessada dever\u00e1 ser informada antes da expira\u00e7\u00e3o dos dez (15) dias, indicando os motivos do atraso e a data em que a consulta ser\u00e1 tratada, que em nenhum caso poder\u00e1 exceder oito (8) dias \u00fateis ap\u00f3s a expira\u00e7\u00e3o do primeiro per\u00edodo.<\/p>\n<p>Caso a solicita\u00e7\u00e3o ou reclama\u00e7\u00e3o seja apresentada sem o cumprimento dos requisitos legais acima, o reclamante ser\u00e1 solicitado, no prazo de 5 (cinco) dias do recebimento da reclama\u00e7\u00e3o, a retificar as falhas e apresentar as informa\u00e7\u00f5es ou documentos faltantes.<\/p>\n<p>Se dois (2) meses se passarem desde a data da solicita\u00e7\u00e3o sem que o solicitante apresente as informa\u00e7\u00f5es exigidas, ser\u00e1 entendido que a solicita\u00e7\u00e3o ou reivindica\u00e7\u00e3o foi retirada.<\/p>\n<p><strong>Revis\u00f5es.<\/strong>  A Entidade realizar\u00e1 processos de revis\u00e3o ou auditorias sobre a prote\u00e7\u00e3o de dados pessoais, verificando diretamente ou por meio de terceiros que as pol\u00edticas e os procedimentos foram adequadamente implementados na Entidade.<\/p>\n<p><strong>Vers\u00f5es e atualiza\u00e7\u00f5es da pol\u00edtica.<\/strong>  Qualquer altera\u00e7\u00e3o substancial nas pol\u00edticas de processamento de dados pessoais ser\u00e1 comunicada em tempo h\u00e1bil aos titulares dos dados por meio dos meios usuais de contato e\/ou pelo site: www.eatcloud.com.<\/p>\n<p>[\/et_pb_text][\/et_pb_column][\/et_pb_row][\/et_pb_section]<\/p>\n","protected":false},"excerpt":{"rendered":"<p>A EatCloud rege-se pelo princ\u00edpio da confidencialidade. Desta forma, as informa\u00e7\u00f5es fornecidas pelo usu\u00e1rio ser\u00e3o validadas nos sistemas de informa\u00e7\u00e3o, bases de dados ou bancos de dados de terceiros devidamente autorizados, sob o compromisso de manter a confidencialidade das informa\u00e7\u00f5es de car\u00e1ter pessoal, comercial, cont\u00e1bil, t\u00e9cnico, comercial ou aquelas obtidas a partir da execu\u00e7\u00e3o e [&hellip;]<\/p>\n","protected":false},"author":1,"featured_media":0,"parent":0,"menu_order":0,"comment_status":"closed","ping_status":"closed","template":"","meta":{"_et_pb_use_builder":"on","_et_pb_old_content":"","_et_gb_content_width":"","footnotes":""},"class_list":["post-239805","page","type-page","status-publish","hentry"],"yoast_head":"<!-- This site is optimized with the Yoast SEO plugin v26.0 - https:\/\/yoast.com\/wordpress\/plugins\/seo\/ -->\n<title>Pol\u00edtica de processamento de dados pessoais - Eatcloud<\/title>\n<meta name=\"robots\" content=\"index, follow, max-snippet:-1, max-image-preview:large, max-video-preview:-1\" \/>\n<link rel=\"canonical\" href=\"https:\/\/www.eatcloud.com\/pt-br\/politica-de-processamento-de-dados-pessoais\/\" \/>\n<meta property=\"og:locale\" content=\"pt_BR\" \/>\n<meta property=\"og:type\" content=\"article\" \/>\n<meta property=\"og:title\" content=\"Pol\u00edtica de processamento de dados pessoais - Eatcloud\" \/>\n<meta property=\"og:description\" content=\"A EatCloud rege-se pelo princ\u00edpio da confidencialidade. Desta forma, as informa\u00e7\u00f5es fornecidas pelo usu\u00e1rio ser\u00e3o validadas nos sistemas de informa\u00e7\u00e3o, bases de dados ou bancos de dados de terceiros devidamente autorizados, sob o compromisso de manter a confidencialidade das informa\u00e7\u00f5es de car\u00e1ter pessoal, comercial, cont\u00e1bil, t\u00e9cnico, comercial ou aquelas obtidas a partir da execu\u00e7\u00e3o e [&hellip;]\" \/>\n<meta property=\"og:url\" content=\"https:\/\/www.eatcloud.com\/pt-br\/politica-de-processamento-de-dados-pessoais\/\" \/>\n<meta property=\"og:site_name\" content=\"Eatcloud\" \/>\n<meta property=\"article:publisher\" content=\"https:\/\/www.facebook.com\/Eatcloud-110503960352251\/\" \/>\n<meta property=\"article:modified_time\" content=\"2025-05-28T14:14:23+00:00\" \/>\n<meta property=\"og:image\" content=\"https:\/\/www.eatcloud.com\/wp-content\/uploads\/2020\/11\/Avatar-EatCloud-e1760667279987.png\" \/>\n\t<meta property=\"og:image:width\" content=\"300\" \/>\n\t<meta property=\"og:image:height\" content=\"300\" \/>\n\t<meta property=\"og:image:type\" content=\"image\/png\" \/>\n<meta name=\"twitter:card\" content=\"summary_large_image\" \/>\n<meta name=\"twitter:label1\" content=\"Est. tempo de leitura\" \/>\n\t<meta name=\"twitter:data1\" content=\"11 minutos\" \/>\n<script type=\"application\/ld+json\" class=\"yoast-schema-graph\">{\"@context\":\"https:\/\/schema.org\",\"@graph\":[{\"@type\":\"WebPage\",\"@id\":\"https:\/\/www.eatcloud.com\/pt-br\/politica-de-processamento-de-dados-pessoais\/\",\"url\":\"https:\/\/www.eatcloud.com\/pt-br\/politica-de-processamento-de-dados-pessoais\/\",\"name\":\"Pol\u00edtica de processamento de dados pessoais - Eatcloud\",\"isPartOf\":{\"@id\":\"https:\/\/www.eatcloud.com\/pt-br\/#website\"},\"datePublished\":\"2024-10-03T17:10:41+00:00\",\"dateModified\":\"2025-05-28T14:14:23+00:00\",\"breadcrumb\":{\"@id\":\"https:\/\/www.eatcloud.com\/pt-br\/politica-de-processamento-de-dados-pessoais\/#breadcrumb\"},\"inLanguage\":\"pt-BR\",\"potentialAction\":[{\"@type\":\"ReadAction\",\"target\":[\"https:\/\/www.eatcloud.com\/pt-br\/politica-de-processamento-de-dados-pessoais\/\"]}]},{\"@type\":\"BreadcrumbList\",\"@id\":\"https:\/\/www.eatcloud.com\/pt-br\/politica-de-processamento-de-dados-pessoais\/#breadcrumb\",\"itemListElement\":[{\"@type\":\"ListItem\",\"position\":1,\"name\":\"Portada\",\"item\":\"https:\/\/www.eatcloud.com\/pt-br\/\"},{\"@type\":\"ListItem\",\"position\":2,\"name\":\"Pol\u00edtica de processamento de dados pessoais\"}]},{\"@type\":\"WebSite\",\"@id\":\"https:\/\/www.eatcloud.com\/pt-br\/#website\",\"url\":\"https:\/\/www.eatcloud.com\/pt-br\/\",\"name\":\"Eatcloud\",\"description\":\"EatCloud es un puente entre excedentes de alimentos en perfecto estado, que no alcanzan a venderse o consumirse en m&uacute;ltiples canales y las instituciones y comunidades que mas los necesitan en cualquier latitud.\",\"publisher\":{\"@id\":\"https:\/\/www.eatcloud.com\/pt-br\/#organization\"},\"potentialAction\":[{\"@type\":\"SearchAction\",\"target\":{\"@type\":\"EntryPoint\",\"urlTemplate\":\"https:\/\/www.eatcloud.com\/pt-br\/?s={search_term_string}\"},\"query-input\":{\"@type\":\"PropertyValueSpecification\",\"valueRequired\":true,\"valueName\":\"search_term_string\"}}],\"inLanguage\":\"pt-BR\"},{\"@type\":\"Organization\",\"@id\":\"https:\/\/www.eatcloud.com\/pt-br\/#organization\",\"name\":\"EatCloud\",\"url\":\"https:\/\/www.eatcloud.com\/pt-br\/\",\"logo\":{\"@type\":\"ImageObject\",\"inLanguage\":\"pt-BR\",\"@id\":\"https:\/\/www.eatcloud.com\/pt-br\/#\/schema\/logo\/image\/\",\"url\":\"https:\/\/www.eatcloud.com\/wp-content\/uploads\/2020\/04\/icn-eatcloud.png\",\"contentUrl\":\"https:\/\/www.eatcloud.com\/wp-content\/uploads\/2020\/04\/icn-eatcloud.png\",\"width\":300,\"height\":300,\"caption\":\"EatCloud\"},\"image\":{\"@id\":\"https:\/\/www.eatcloud.com\/pt-br\/#\/schema\/logo\/image\/\"},\"sameAs\":[\"https:\/\/www.facebook.com\/Eatcloud-110503960352251\/\",\"https:\/\/www.instagram.com\/eat.cloud\/\"]}]}<\/script>\n<!-- \/ Yoast SEO plugin. -->","yoast_head_json":{"title":"Pol\u00edtica de processamento de dados pessoais - Eatcloud","robots":{"index":"index","follow":"follow","max-snippet":"max-snippet:-1","max-image-preview":"max-image-preview:large","max-video-preview":"max-video-preview:-1"},"canonical":"https:\/\/www.eatcloud.com\/pt-br\/politica-de-processamento-de-dados-pessoais\/","og_locale":"pt_BR","og_type":"article","og_title":"Pol\u00edtica de processamento de dados pessoais - Eatcloud","og_description":"A EatCloud rege-se pelo princ\u00edpio da confidencialidade. Desta forma, as informa\u00e7\u00f5es fornecidas pelo usu\u00e1rio ser\u00e3o validadas nos sistemas de informa\u00e7\u00e3o, bases de dados ou bancos de dados de terceiros devidamente autorizados, sob o compromisso de manter a confidencialidade das informa\u00e7\u00f5es de car\u00e1ter pessoal, comercial, cont\u00e1bil, t\u00e9cnico, comercial ou aquelas obtidas a partir da execu\u00e7\u00e3o e [&hellip;]","og_url":"https:\/\/www.eatcloud.com\/pt-br\/politica-de-processamento-de-dados-pessoais\/","og_site_name":"Eatcloud","article_publisher":"https:\/\/www.facebook.com\/Eatcloud-110503960352251\/","article_modified_time":"2025-05-28T14:14:23+00:00","og_image":[{"width":300,"height":300,"url":"https:\/\/www.eatcloud.com\/wp-content\/uploads\/2020\/11\/Avatar-EatCloud-e1760667279987.png","type":"image\/png"}],"twitter_card":"summary_large_image","twitter_misc":{"Est. tempo de leitura":"11 minutos"},"schema":{"@context":"https:\/\/schema.org","@graph":[{"@type":"WebPage","@id":"https:\/\/www.eatcloud.com\/pt-br\/politica-de-processamento-de-dados-pessoais\/","url":"https:\/\/www.eatcloud.com\/pt-br\/politica-de-processamento-de-dados-pessoais\/","name":"Pol\u00edtica de processamento de dados pessoais - Eatcloud","isPartOf":{"@id":"https:\/\/www.eatcloud.com\/pt-br\/#website"},"datePublished":"2024-10-03T17:10:41+00:00","dateModified":"2025-05-28T14:14:23+00:00","breadcrumb":{"@id":"https:\/\/www.eatcloud.com\/pt-br\/politica-de-processamento-de-dados-pessoais\/#breadcrumb"},"inLanguage":"pt-BR","potentialAction":[{"@type":"ReadAction","target":["https:\/\/www.eatcloud.com\/pt-br\/politica-de-processamento-de-dados-pessoais\/"]}]},{"@type":"BreadcrumbList","@id":"https:\/\/www.eatcloud.com\/pt-br\/politica-de-processamento-de-dados-pessoais\/#breadcrumb","itemListElement":[{"@type":"ListItem","position":1,"name":"Portada","item":"https:\/\/www.eatcloud.com\/pt-br\/"},{"@type":"ListItem","position":2,"name":"Pol\u00edtica de processamento de dados pessoais"}]},{"@type":"WebSite","@id":"https:\/\/www.eatcloud.com\/pt-br\/#website","url":"https:\/\/www.eatcloud.com\/pt-br\/","name":"Eatcloud","description":"EatCloud es un puente entre excedentes de alimentos en perfecto estado, que no alcanzan a venderse o consumirse en m&uacute;ltiples canales y las instituciones y comunidades que mas los necesitan en cualquier latitud.","publisher":{"@id":"https:\/\/www.eatcloud.com\/pt-br\/#organization"},"potentialAction":[{"@type":"SearchAction","target":{"@type":"EntryPoint","urlTemplate":"https:\/\/www.eatcloud.com\/pt-br\/?s={search_term_string}"},"query-input":{"@type":"PropertyValueSpecification","valueRequired":true,"valueName":"search_term_string"}}],"inLanguage":"pt-BR"},{"@type":"Organization","@id":"https:\/\/www.eatcloud.com\/pt-br\/#organization","name":"EatCloud","url":"https:\/\/www.eatcloud.com\/pt-br\/","logo":{"@type":"ImageObject","inLanguage":"pt-BR","@id":"https:\/\/www.eatcloud.com\/pt-br\/#\/schema\/logo\/image\/","url":"https:\/\/www.eatcloud.com\/wp-content\/uploads\/2020\/04\/icn-eatcloud.png","contentUrl":"https:\/\/www.eatcloud.com\/wp-content\/uploads\/2020\/04\/icn-eatcloud.png","width":300,"height":300,"caption":"EatCloud"},"image":{"@id":"https:\/\/www.eatcloud.com\/pt-br\/#\/schema\/logo\/image\/"},"sameAs":["https:\/\/www.facebook.com\/Eatcloud-110503960352251\/","https:\/\/www.instagram.com\/eat.cloud\/"]}]}},"_links":{"self":[{"href":"https:\/\/www.eatcloud.com\/pt-br\/wp-json\/wp\/v2\/pages\/239805","targetHints":{"allow":["GET"]}}],"collection":[{"href":"https:\/\/www.eatcloud.com\/pt-br\/wp-json\/wp\/v2\/pages"}],"about":[{"href":"https:\/\/www.eatcloud.com\/pt-br\/wp-json\/wp\/v2\/types\/page"}],"author":[{"embeddable":true,"href":"https:\/\/www.eatcloud.com\/pt-br\/wp-json\/wp\/v2\/users\/1"}],"replies":[{"embeddable":true,"href":"https:\/\/www.eatcloud.com\/pt-br\/wp-json\/wp\/v2\/comments?post=239805"}],"version-history":[{"count":2,"href":"https:\/\/www.eatcloud.com\/pt-br\/wp-json\/wp\/v2\/pages\/239805\/revisions"}],"predecessor-version":[{"id":239807,"href":"https:\/\/www.eatcloud.com\/pt-br\/wp-json\/wp\/v2\/pages\/239805\/revisions\/239807"}],"wp:attachment":[{"href":"https:\/\/www.eatcloud.com\/pt-br\/wp-json\/wp\/v2\/media?parent=239805"}],"curies":[{"name":"wp","href":"https:\/\/api.w.org\/{rel}","templated":true}]}}