{"id":239778,"date":"2024-10-03T17:21:59","date_gmt":"2024-10-03T17:21:59","guid":{"rendered":"https:\/\/www.eatcloud.com\/termos-de-uso\/"},"modified":"2025-05-28T14:14:07","modified_gmt":"2025-05-28T14:14:07","slug":"termos-de-uso","status":"publish","type":"page","link":"https:\/\/www.eatcloud.com\/pt-br\/termos-de-uso\/","title":{"rendered":"Termos de uso"},"content":{"rendered":"<p>[et_pb_section fb_built=&#8221;1&#8243; _builder_version=&#8221;4.16&#8243; global_colors_info=&#8221;{}&#8221; theme_builder_area=&#8221;post_content&#8221;][et_pb_row _builder_version=&#8221;4.27.0&#8243; width_tablet=&#8221;50%&#8221; width_phone=&#8221;80%&#8221; width_last_edited=&#8221;on|desktop&#8221; custom_padding=&#8221;||11px|||&#8221; global_colors_info=&#8221;{}&#8221; theme_builder_area=&#8221;post_content&#8221;][et_pb_column type=&#8221;4_4&#8243; _builder_version=&#8221;4.16&#8243; global_colors_info=&#8221;{}&#8221; theme_builder_area=&#8221;post_content&#8221;][et_pb_post_title author=&#8221;off&#8221; comments=&#8221;off&#8221; featured_image=&#8221;off&#8221; _builder_version=&#8221;4.27.0&#8243; _module_preset=&#8221;default&#8221; global_colors_info=&#8221;{}&#8221; theme_builder_area=&#8221;post_content&#8221;][\/et_pb_post_title][et_pb_text _builder_version=&#8221;4.27.0&#8243; _module_preset=&#8221;default&#8221; hover_enabled=&#8221;0&#8243; global_colors_info=&#8221;{}&#8221; theme_builder_area=&#8221;post_content&#8221; sticky_enabled=&#8221;0&#8243;]<\/p>\n<p>Termos de uso. Os Termos de Uso s\u00e3o necess\u00e1rios para que voc\u00ea use a EATCLOUD, seja no site eatcloud.com ou no aplicativo EatCloud. Ao se registrar ou usar a EATCLOUD, voc\u00ea concorda com esses termos.  <\/p>\n<p>Os servi\u00e7os oferecidos pela EatCloud podem ser utilizados por pessoas com plena capacidade de contratar, exercer direitos e adquirir obriga\u00e7\u00f5es nos termos da lei.<\/p>\n<p><strong>Defini\u00e7\u00f5es.<\/strong>  Para uma melhor compreens\u00e3o, observe as seguintes defini\u00e7\u00f5es:<\/p>\n<p><strong>APLICA\u00c7\u00c3O.<\/strong>  \u00c9 o software chamado \u201cEATCLOUD\u201d para o servi\u00e7o dos usu\u00e1rios. O EatCloud coloca o software a servi\u00e7o dos usu\u00e1rios que gerenciam doa\u00e7\u00f5es. <\/p>\n<p><strong>USU\u00c1RIO.<\/strong>  Essa \u00e9 a pessoa que usa o EatCloud por meio do site, aplicativo da Web ou aplicativo m\u00f3vel.<\/p>\n<p><strong>USU\u00c1RIO-DONO.<\/strong>  Essa \u00e9 a pessoa que usa a EatCloud por meio do site, aplicativo da Web ou aplicativo m\u00f3vel para gerenciar as doa\u00e7\u00f5es que deseja anunciar e entregar.<\/p>\n<p><strong>USU\u00c1RIO-BENEFICI\u00c1RIO.<\/strong>  Essa \u00e9 a pessoa que usa o EatCloud por meio do site, aplicativo da web ou aplicativo m\u00f3vel para registrar ou gerenciar as doa\u00e7\u00f5es que deseja receber.<\/p>\n<p><strong>Servi\u00e7os.<\/strong>  A EATCLOUD fornece seus servi\u00e7os tecnol\u00f3gicos a pessoas jur\u00eddicas comprometidas com o desperd\u00edcio de alimentos e com causas sociais e ambientais, e que desejam contribuir para a redu\u00e7\u00e3o da pegada de carbono do mundo, alocando seus excedentes para atender aos mais necessitados. O ecossistema alimentar pode anunciar suas doa\u00e7\u00f5es na Web. Por sua vez, o ecossistema social pode receber doa\u00e7\u00f5es por meio do aplicativo fornecido pela EatCloud.  <\/p>\n<p><strong>Comportamento inaceit\u00e1vel.<\/strong>  O USU\u00c1RIO-BENEFICI\u00c1RIO n\u00e3o pode se envolver em condutas que sejam ilegais ou que afetem a opera\u00e7\u00e3o do servi\u00e7o. Voc\u00ea encontrar\u00e1 uma lista enunciativa de comportamentos que n\u00e3o s\u00e3o permitidos: <\/p>\n<p>(i) Comercializar a doa\u00e7\u00e3o feita.<br \/>(ii) Trocar a doa\u00e7\u00e3o por qualquer servi\u00e7o ou produto.<br \/>(ii) Criar, publicar ou disseminar, por qualquer meio, informa\u00e7\u00f5es falsas, discurso de \u00f3dio, viol\u00eancia ou discrimina\u00e7\u00e3o contra minorias, ou informa\u00e7\u00f5es contr\u00e1rias \u00e0 moral e \u00e0 dec\u00eancia.<br \/>(iii) N\u00e3o retirar a doa\u00e7\u00e3o no local, data e hora programados.<br \/>(iv) Receber doa\u00e7\u00f5es que n\u00e3o foram alocadas pelo aplicativo.<br \/>(v) Levar itens ou mercadorias pertencentes ao USU\u00c1RIO-DONAT\u00c1RIO que estejam nos pontos de doa\u00e7\u00e3o. S\u00e3o considerados itens: cestas, material de reciclagem e outros. <br \/>(vi) Desrespeitar as pessoas envolvidas na opera\u00e7\u00e3o.<br \/>(vii) Causar inc\u00f4modo, desconforto ou dano ao ecossistema alimentar ou ao ecossistema social.<\/p>\n<p><strong>Obriga\u00e7\u00f5es do Usu\u00e1rio &#8211; Benefici\u00e1rio.<\/strong>  O USU\u00c1RIO-BENEFICI\u00c1RIO se compromete a:<\/p>\n<p>(i) Entregar os dados reais da Entidade por meio do aplicativo e dos meios autorizados.<br \/>(ii) Anexe os documentos solicitados para receber o servi\u00e7o no momento do registro da entidade e durante a presta\u00e7\u00e3o do servi\u00e7o.<br \/>(iii) Manter a consist\u00eancia entre as informa\u00e7\u00f5es fornecidas no aplicativo e o que aconteceu na transa\u00e7\u00e3o.<br \/>(iv) Atualizar as informa\u00e7\u00f5es de contato da Entidade (n\u00famero de celular, n\u00famero de telefone fixo e e-mail).<br \/>(v) Tratar todas as pessoas envolvidas no uso do aplicativo com dignidade, respeito e cortesia.<br \/>(vi) Abster-se de receber doa\u00e7\u00f5es que n\u00e3o tenham sido alocadas por meio do aplicativo.<br \/>(vii) Garantir o uso pessoal e intransfer\u00edvel da conta atribu\u00edda.<br \/>(viii) Usar o aplicativo sem impedir, aborrecer, incomodar ou prejudicar os doadores, outros usu\u00e1rios, intermedi\u00e1rios e terceiros.<br \/>(ix) Informar, por meio dos canais autorizados, sobre a mudan\u00e7a do Representante Legal.<br \/>(x) Assistir e seguir os detalhes dos an\u00fancios referentes aos requisitos para entrar nos pontos de doa\u00e7\u00e3o e retirar a doa\u00e7\u00e3o. Alguns requisitos s\u00e3o: equipamento de prote\u00e7\u00e3o individual, afilia\u00e7\u00e3o \u00e0 ARL e outros. <br \/>(xi) Verificar as caracter\u00edsticas da doa\u00e7\u00e3o em termos de quantidade, peso e tipo de produto, e confirmar o recebimento no aplicativo.<br \/>(xii) Garantir que a doa\u00e7\u00e3o seja entregue \u00e0 popula\u00e7\u00e3o necessitada.<br \/>(xiii) Participar de visitas de vincula\u00e7\u00e3o e acompanhamento para certificar as qualifica\u00e7\u00f5es da entidade para ser um gerente de doa\u00e7\u00f5es por meio do aplicativo.<br \/>(xiv) Verificar, garantir e listar um motorista com carteira de habilita\u00e7\u00e3o ativa que ser\u00e1 respons\u00e1vel pela coleta da doa\u00e7\u00e3o.<br \/>(xv) Cumprir todas as obriga\u00e7\u00f5es legais estabelecidas de acordo com o regime jur\u00eddico aplic\u00e1vel a ela.<\/p>\n<p>O usu\u00e1rio aceita que o acesso ao aplicativo pode ser negado pelo n\u00e3o cumprimento de qualquer uma das obriga\u00e7\u00f5es descritas, por qualquer conduta ilegal ou conduta que afete os ecossistemas alimentares e sociais. Sem preju\u00edzo da instaura\u00e7\u00e3o de processo criminal por conduta que atente contra a f\u00e9 p\u00fablica, a ordem econ\u00f4mica social, o patrim\u00f4nio econ\u00f4mico, a vida ou a integridade pessoal. <\/p>\n<p><strong>Sistema de Controle para o USU\u00c1RIO BENEFICI\u00c1RIO por comportamento inaceit\u00e1vel ou n\u00e3o cumprimento de obriga\u00e7\u00f5es.<\/strong>  A EatCloud exercer\u00e1 controle sobre o uso do aplicativo pelo USU\u00c1RIO-BENEFICI\u00c1RIO e sua intera\u00e7\u00e3o com o ecossistema. Se a sua conduta afetar o ecossistema ou se voc\u00ea deixar de cumprir qualquer uma das obriga\u00e7\u00f5es, a EatCloud poder\u00e1 tomar qualquer uma das seguintes decis\u00f5es a seu crit\u00e9rio: <\/p>\n<p>Enviar um aviso ao USU\u00c1RIO BENEFICI\u00c1RIO lembrando-o do comportamento que afetou a transa\u00e7\u00e3o e os termos de uso que ele aceitou.<br \/>Desativar o acesso ao ecossistema em parte ou no todo.<\/p>\n<p>O acesso a uma conta ser\u00e1 restrito quando o USU\u00c1RIO BENEFICI\u00c1RIO vender uma doa\u00e7\u00e3o recebida atrav\u00e9s da EatCloud. \u00c9 uma ofensa criminal comercializar uma doa\u00e7\u00e3o. <\/p>\n<p><strong>Certificado do gerente.<\/strong>  A EatCloud poder\u00e1 verificar no local as qualidades das organiza\u00e7\u00f5es sem fins lucrativos que desejam gerenciar ou administrar doa\u00e7\u00f5es por meio do aplicativo. Isso certifica a qualidade do gerente. <\/p>\n<p>Se a organiza\u00e7\u00e3o n\u00e3o obtiver essa certifica\u00e7\u00e3o, ela n\u00e3o poder\u00e1 gerenciar doa\u00e7\u00f5es por meio do aplicativo.<\/p>\n<p><strong>Certificado de doa\u00e7\u00e3o.<\/strong>  A doa\u00e7\u00e3o anunciada por meio da EATCLOUD e entregue pelo doador \u00e0 Asociaci\u00f3n Banco de Alimentos de Colombia &#8211; ABACO, \u00e9 encontrada nos documentos de apoio relacionados ao custo e antes do IVA, conforme indicado no artigo 125-2 do Estatuto Tribut\u00e1rio. A ABACO emite um certificado de doa\u00e7\u00e3o quando um produto pr\u00f3prio para consumo humano tiver sido anunciado e entregue e tiver cumprido as disposi\u00e7\u00f5es da lei. <\/p>\n<p><strong>Gerente de Log\u00edstica.<\/strong> A ABACO, os Bancos de Alimentos da Col\u00f4mbia e as Organiza\u00e7\u00f5es Sem Fins Lucrativos s\u00e3o os gestores log\u00edsticos e realizam as tarefas necess\u00e1rias para a gest\u00e3o e manuseio dos alimentos recebidos como doa\u00e7\u00e3o.<br \/>Limita\u00e7\u00e3o da responsabilidade pelo recebimento dos alimentos. O USU\u00c1RIO-BENEFICI\u00c1RIO, tamb\u00e9m chamado de recebedor dos alimentos, aceita que \u00e9 respons\u00e1vel pelo recebimento, armazenamento e qualidade dos alimentos entregues \u00e0 popula\u00e7\u00e3o benefici\u00e1ria, devendo, para tanto, cumprir as condi\u00e7\u00f5es que a normativa que rege o armazenamento, manuseio, conserva\u00e7\u00e3o e distribui\u00e7\u00e3o de produtos aptos para o consumo humano, de acordo com o artigo 18 da Lei 1990 de 2019. <\/p>\n<p><strong>Requisitos para o funcionamento correto do aplicativo.  <\/strong><\/p>\n<p>Para utilizar o EATCLOUD Mobile, o USU\u00c1RIO deve ter um telefone celular ou dispositivo compat\u00edvel, com conex\u00e3o \u00e0 Internet e que cumpra com as caracter\u00edsticas m\u00ednimas indicadas na App Store. Da mesma forma, o USU\u00c1RIO dever\u00e1 se assegurar de que possui a \u00faltima vers\u00e3o do APP, por meio de atualiza\u00e7\u00f5es via App Store. <\/p>\n<p>O EATCLOUD mobile ser\u00e1 compat\u00edvel com dispositivos Android OS com Android OS 5.0 e superior. Al\u00e9m disso, voc\u00ea deve ter atualiza\u00e7\u00f5es regulares, software ou documenta\u00e7\u00e3o que permita o uso do EatCloud. <\/p>\n<p>O aplicativo est\u00e1 dispon\u00edvel para opera\u00e7\u00e3o adequada em um dispositivo m\u00f3vel. A conta deve ser acessada somente a partir de um dispositivo m\u00f3vel. <\/p>\n<p><strong>Responsabilidade pelo uso da EatCloud.<\/strong><br \/>Pelo uso da EatCloud. O USU\u00c1RIO \u00e9 o \u00fanico respons\u00e1vel pela utiliza\u00e7\u00e3o dos servi\u00e7os da EatCloud e por quaisquer consequ\u00eancias da\u00ed decorrentes. <\/p>\n<p><strong>Exclus\u00e3o de responsabilidade.  <\/strong><\/p>\n<p>Pela disponibilidade do Aplicativo. A EATCLOUD, seus licenciantes e seus subcontratados n\u00e3o s\u00e3o respons\u00e1veis pela indisponibilidade do aplicativo, dificuldades ou impossibilidade de download ou acesso ao seu conte\u00fado, ou qualquer outra falha no sistema de comunica\u00e7\u00e3o que possa causar a indisponibilidade do APLICATIVO. <\/p>\n<p>A EATCLOUD e seus licenciadores n\u00e3o s\u00e3o respons\u00e1veis pelo servi\u00e7o t\u00e9cnico ou manuten\u00e7\u00e3o do aplicativo.<br \/>Por danos ou falhas. A EATCLOUD e seus licenciadores n\u00e3o ser\u00e3o respons\u00e1veis por qualquer dano, preju\u00edzo ou perda de equipamentos do USU\u00c1RIO causados por falhas no sistema, no servidor ou na Internet. <\/p>\n<p>A EATCLOUD n\u00e3o se responsabiliza por qualquer v\u00edrus que possa atacar o equipamento do USU\u00c1RIO em decorr\u00eancia de um dispositivo de entrada ou acesso, utiliza\u00e7\u00e3o ou navega\u00e7\u00e3o no site da Internet, transfer\u00eancia de dados, arquivos, imagens, textos ou \u00e1udio contidos no SITE.<\/p>\n<p>Os USU\u00c1RIOS n\u00e3o poder\u00e3o atribuir \u00e0 EATCLOUD ou a seus licenciadores qualquer responsabilidade ou exigir pagamento por lucros cessantes ou qualquer tipo de indeniza\u00e7\u00e3o por danos ou responsabilidade civil decorrentes de dificuldades t\u00e9cnicas ou falhas nos sistemas ou na Internet. A EATCLOUD ou seus licenciadores tamb\u00e9m n\u00e3o podem garantir o acesso ou a opera\u00e7\u00e3o ininterrupta de seu site. Ocasionalmente, o sistema poder\u00e1 ficar indispon\u00edvel devido a dificuldades t\u00e9cnicas ou falhas na Internet.  <\/p>\n<p><strong>Limita\u00e7\u00e3o de responsabilidade.<\/strong>  A EATCLOUD e seus licenciadores envidar\u00e3o esfor\u00e7os razo\u00e1veis para tornar o App dispon\u00edvel em todos os momentos. No entanto, o USU\u00c1RIO aceita que a entrega do Aplicativo ser\u00e1 feita atrav\u00e9s da Internet e de redes m\u00f3veis e que, consequentemente, a qualidade e a disponibilidade do Aplicativo podem ser afetadas por fatores al\u00e9m do controle respons\u00e1vel da EATCLOUD e de seus licenciadores.<br \/>Isen\u00e7\u00e3o de garantias. Para evitar d\u00favidas e na medida m\u00e1xima permitida por lei, a EATCLOUD e seus licenciadores se isentam de todas as garantias impl\u00edcitas decorrentes do Aplicativo. O Aplicativo e o Software s\u00e3o fornecidos \u201cno estado em que se encontram\u201d e \u201cconforme dispon\u00edveis\u201d, sem garantia de qualquer tipo.<br \/>Propriedade intelectual. Todas as marcas registradas, direitos autorais, bancos de dados e outros direitos de propriedade intelectual no aplicativo m\u00f3vel, independentemente de sua natureza, bem como o c\u00f3digo-fonte, s\u00e3o de propriedade da EATCLOUD ou de seus licenciadores.    <\/p>\n<p>A EATCLOUD oferece a voc\u00ea uma licen\u00e7a revog\u00e1vel, gratuita, n\u00e3o exclusiva, intransfer\u00edvel, internacional e pessoal para usar este aplicativo e o site eatcloud.com para uso pessoal ou profissional dentro dos limites estabelecidos por estes termos do aplicativo. Essa licen\u00e7a permitir\u00e1 que voc\u00ea aproveite os servi\u00e7os oferecidos pelo aplicativo m\u00f3vel e pelo site de acordo com estes termos de uso. <\/p>\n<p>Com rela\u00e7\u00e3o \u00e0s informa\u00e7\u00f5es compartilhadas, tais como mensagens, fotos e v\u00eddeos que o USU\u00c1RIO compartilha por meio da plataforma, o USU\u00c1RIO concede uma licen\u00e7a n\u00e3o exclusiva, transfer\u00edvel com direitos de sublicenciamento, Creative Commons Attibution 3.0 Unported (CC By 3.0) e com aplicabilidade global para o funcionamento adequado da plataforma e da conta ou contas do USU\u00c1RIO. Esta licen\u00e7a termina quando o USU\u00c1RIO exclui seu conte\u00fado de sua conta, a menos que esse conte\u00fado tenha sido compartilhado com terceiros e ele n\u00e3o o tenha exclu\u00eddo. <\/p>\n<p><strong>Os Servi\u00e7os s\u00e3o de propriedade exclusiva da EATCLOUD e de seus licenciadores.<\/strong>  Os servi\u00e7os s\u00e3o protegidos por direitos de propriedade intelectual e de marca registrada, bem como pelos regulamentos da Col\u00f4mbia e de terceiros pa\u00edses. Essas condi\u00e7\u00f5es n\u00e3o concedem a voc\u00ea nenhum direito em rela\u00e7\u00e3o ao uso do nome do aplicativo, da marca EATCLOUD, dos logotipos, dos nomes de dom\u00ednio ou de qualquer outra caracter\u00edstica distintiva da marca. <\/p>\n<p><strong>Reserva do EatCloud.<\/strong>  Ao tomar conhecimento de qualquer poss\u00edvel viola\u00e7\u00e3o destes termos. A EatCloud se reserva o direito de decidir se o USU\u00c1RIO est\u00e1 em conformidade com os requisitos de uso declarados e pode encerrar o acesso de um usu\u00e1rio, sem aviso pr\u00e9vio e a seu exclusivo crit\u00e9rio. <\/p>\n<p><strong>Limita\u00e7\u00e3o do servi\u00e7o.<\/strong>  Os servi\u00e7os fornecidos pela EATCLOUD est\u00e3o em constante evolu\u00e7\u00e3o. A forma ou a natureza de tais servi\u00e7os podem mudar sem aviso pr\u00e9vio. A EATCLOUD pode descontinuar toda ou parte da presta\u00e7\u00e3o de servi\u00e7os aos usu\u00e1rios, sem aviso pr\u00e9vio.  <\/p>\n<p><strong>A EATCLOUD se reserva o direito de limitar o uso a qualquer momento sem aviso pr\u00e9vio.<\/strong>  Em qualquer caso, a EATCLOUD notificar\u00e1 os usu\u00e1rios quando for necess\u00e1ria a manuten\u00e7\u00e3o da plataforma. A vers\u00e3o do software do aplicativo poder\u00e1 passar por atualiza\u00e7\u00f5es peri\u00f3dicas para adicionar suporte a novos recursos e servi\u00e7os. <\/p>\n<p><strong>Conclus\u00e3o do servi\u00e7o.<\/strong>  A EATCLOUD pode encerrar o uso do aplicativo m\u00f3vel a qualquer momento sem aviso pr\u00e9vio ao USU\u00c1RIO. Todos os direitos e licen\u00e7as concedidos ao USU\u00c1RIO ser\u00e3o rescindidos. Portanto, o USU\u00c1RIO deixar\u00e1 de usar o software.  <\/p>\n<p><strong>Altera\u00e7\u00e3o ou atualiza\u00e7\u00e3o dos termos de uso.<\/strong>  A EATCLOUD poder\u00e1 modificar ou atualizar seus termos de uso. O USU\u00c1RIO ser\u00e1 informado conforme exigido por lei. <\/p>\n<p><strong>Jurisdi\u00e7\u00e3o<\/strong><br \/>Este contrato ser\u00e1 regido pelas leis em vigor na Rep\u00fablica da Col\u00f4mbia. Qualquer controv\u00e9rsia decorrente deste contrato dever\u00e1 ser submetida \u00e0s leis aplic\u00e1veis e aos tribunais competentes da cidade de Medell\u00edn, e os procedimentos dever\u00e3o ser conduzidos em espanhol. <\/p>\n<p><strong>Domic\u00edlio<\/strong><br \/>O domic\u00edlio da EATCLOUD em Medell\u00edn \u00e9 fixado como Calle 6 Sur No.70 &#8211; 215, Apt 806. Medell\u00edn, Col\u00f4mbia. <\/p>\n<p>[\/et_pb_text][\/et_pb_column][\/et_pb_row][\/et_pb_section]<\/p>\n","protected":false},"excerpt":{"rendered":"<p>Termos de uso. Os Termos de Uso s\u00e3o necess\u00e1rios para que voc\u00ea use a EATCLOUD, seja no site eatcloud.com ou no aplicativo EatCloud. Ao se registrar ou usar a EATCLOUD, voc\u00ea concorda com esses termos. Os servi\u00e7os oferecidos pela EatCloud podem ser utilizados por pessoas com plena capacidade de contratar, exercer direitos e adquirir obriga\u00e7\u00f5es [&hellip;]<\/p>\n","protected":false},"author":1,"featured_media":0,"parent":0,"menu_order":0,"comment_status":"closed","ping_status":"closed","template":"","meta":{"_et_pb_use_builder":"on","_et_pb_old_content":"","_et_gb_content_width":"","footnotes":""},"class_list":["post-239778","page","type-page","status-publish","hentry"],"yoast_head":"<!-- This site is optimized with the Yoast SEO plugin v26.0 - https:\/\/yoast.com\/wordpress\/plugins\/seo\/ -->\n<title>Termos de uso - Eatcloud<\/title>\n<meta name=\"robots\" content=\"index, follow, max-snippet:-1, max-image-preview:large, max-video-preview:-1\" \/>\n<link rel=\"canonical\" href=\"https:\/\/www.eatcloud.com\/pt-br\/termos-de-uso\/\" \/>\n<meta property=\"og:locale\" content=\"pt_BR\" \/>\n<meta property=\"og:type\" content=\"article\" \/>\n<meta property=\"og:title\" content=\"Termos de uso - Eatcloud\" \/>\n<meta property=\"og:description\" content=\"Termos de uso. Os Termos de Uso s\u00e3o necess\u00e1rios para que voc\u00ea use a EATCLOUD, seja no site eatcloud.com ou no aplicativo EatCloud. Ao se registrar ou usar a EATCLOUD, voc\u00ea concorda com esses termos. Os servi\u00e7os oferecidos pela EatCloud podem ser utilizados por pessoas com plena capacidade de contratar, exercer direitos e adquirir obriga\u00e7\u00f5es [&hellip;]\" \/>\n<meta property=\"og:url\" content=\"https:\/\/www.eatcloud.com\/pt-br\/termos-de-uso\/\" \/>\n<meta property=\"og:site_name\" content=\"Eatcloud\" \/>\n<meta property=\"article:publisher\" content=\"https:\/\/www.facebook.com\/Eatcloud-110503960352251\/\" \/>\n<meta property=\"article:modified_time\" content=\"2025-05-28T14:14:07+00:00\" \/>\n<meta property=\"og:image\" content=\"https:\/\/www.eatcloud.com\/wp-content\/uploads\/2020\/11\/Avatar-EatCloud-e1760667279987.png\" \/>\n\t<meta property=\"og:image:width\" content=\"300\" \/>\n\t<meta property=\"og:image:height\" content=\"300\" \/>\n\t<meta property=\"og:image:type\" content=\"image\/png\" \/>\n<meta name=\"twitter:card\" content=\"summary_large_image\" \/>\n<meta name=\"twitter:label1\" content=\"Est. tempo de leitura\" \/>\n\t<meta name=\"twitter:data1\" content=\"12 minutos\" \/>\n<script type=\"application\/ld+json\" class=\"yoast-schema-graph\">{\"@context\":\"https:\/\/schema.org\",\"@graph\":[{\"@type\":\"WebPage\",\"@id\":\"https:\/\/www.eatcloud.com\/pt-br\/termos-de-uso\/\",\"url\":\"https:\/\/www.eatcloud.com\/pt-br\/termos-de-uso\/\",\"name\":\"Termos de uso - Eatcloud\",\"isPartOf\":{\"@id\":\"https:\/\/www.eatcloud.com\/pt-br\/#website\"},\"datePublished\":\"2024-10-03T17:21:59+00:00\",\"dateModified\":\"2025-05-28T14:14:07+00:00\",\"breadcrumb\":{\"@id\":\"https:\/\/www.eatcloud.com\/pt-br\/termos-de-uso\/#breadcrumb\"},\"inLanguage\":\"pt-BR\",\"potentialAction\":[{\"@type\":\"ReadAction\",\"target\":[\"https:\/\/www.eatcloud.com\/pt-br\/termos-de-uso\/\"]}]},{\"@type\":\"BreadcrumbList\",\"@id\":\"https:\/\/www.eatcloud.com\/pt-br\/termos-de-uso\/#breadcrumb\",\"itemListElement\":[{\"@type\":\"ListItem\",\"position\":1,\"name\":\"Portada\",\"item\":\"https:\/\/www.eatcloud.com\/pt-br\/\"},{\"@type\":\"ListItem\",\"position\":2,\"name\":\"Termos de uso\"}]},{\"@type\":\"WebSite\",\"@id\":\"https:\/\/www.eatcloud.com\/pt-br\/#website\",\"url\":\"https:\/\/www.eatcloud.com\/pt-br\/\",\"name\":\"Eatcloud\",\"description\":\"EatCloud es un puente entre excedentes de alimentos en perfecto estado, que no alcanzan a venderse o consumirse en m&uacute;ltiples canales y las instituciones y comunidades que mas los necesitan en cualquier latitud.\",\"publisher\":{\"@id\":\"https:\/\/www.eatcloud.com\/pt-br\/#organization\"},\"potentialAction\":[{\"@type\":\"SearchAction\",\"target\":{\"@type\":\"EntryPoint\",\"urlTemplate\":\"https:\/\/www.eatcloud.com\/pt-br\/?s={search_term_string}\"},\"query-input\":{\"@type\":\"PropertyValueSpecification\",\"valueRequired\":true,\"valueName\":\"search_term_string\"}}],\"inLanguage\":\"pt-BR\"},{\"@type\":\"Organization\",\"@id\":\"https:\/\/www.eatcloud.com\/pt-br\/#organization\",\"name\":\"EatCloud\",\"url\":\"https:\/\/www.eatcloud.com\/pt-br\/\",\"logo\":{\"@type\":\"ImageObject\",\"inLanguage\":\"pt-BR\",\"@id\":\"https:\/\/www.eatcloud.com\/pt-br\/#\/schema\/logo\/image\/\",\"url\":\"https:\/\/www.eatcloud.com\/wp-content\/uploads\/2020\/04\/icn-eatcloud.png\",\"contentUrl\":\"https:\/\/www.eatcloud.com\/wp-content\/uploads\/2020\/04\/icn-eatcloud.png\",\"width\":300,\"height\":300,\"caption\":\"EatCloud\"},\"image\":{\"@id\":\"https:\/\/www.eatcloud.com\/pt-br\/#\/schema\/logo\/image\/\"},\"sameAs\":[\"https:\/\/www.facebook.com\/Eatcloud-110503960352251\/\",\"https:\/\/www.instagram.com\/eat.cloud\/\"]}]}<\/script>\n<!-- \/ Yoast SEO plugin. -->","yoast_head_json":{"title":"Termos de uso - Eatcloud","robots":{"index":"index","follow":"follow","max-snippet":"max-snippet:-1","max-image-preview":"max-image-preview:large","max-video-preview":"max-video-preview:-1"},"canonical":"https:\/\/www.eatcloud.com\/pt-br\/termos-de-uso\/","og_locale":"pt_BR","og_type":"article","og_title":"Termos de uso - Eatcloud","og_description":"Termos de uso. Os Termos de Uso s\u00e3o necess\u00e1rios para que voc\u00ea use a EATCLOUD, seja no site eatcloud.com ou no aplicativo EatCloud. Ao se registrar ou usar a EATCLOUD, voc\u00ea concorda com esses termos. Os servi\u00e7os oferecidos pela EatCloud podem ser utilizados por pessoas com plena capacidade de contratar, exercer direitos e adquirir obriga\u00e7\u00f5es [&hellip;]","og_url":"https:\/\/www.eatcloud.com\/pt-br\/termos-de-uso\/","og_site_name":"Eatcloud","article_publisher":"https:\/\/www.facebook.com\/Eatcloud-110503960352251\/","article_modified_time":"2025-05-28T14:14:07+00:00","og_image":[{"width":300,"height":300,"url":"https:\/\/www.eatcloud.com\/wp-content\/uploads\/2020\/11\/Avatar-EatCloud-e1760667279987.png","type":"image\/png"}],"twitter_card":"summary_large_image","twitter_misc":{"Est. tempo de leitura":"12 minutos"},"schema":{"@context":"https:\/\/schema.org","@graph":[{"@type":"WebPage","@id":"https:\/\/www.eatcloud.com\/pt-br\/termos-de-uso\/","url":"https:\/\/www.eatcloud.com\/pt-br\/termos-de-uso\/","name":"Termos de uso - Eatcloud","isPartOf":{"@id":"https:\/\/www.eatcloud.com\/pt-br\/#website"},"datePublished":"2024-10-03T17:21:59+00:00","dateModified":"2025-05-28T14:14:07+00:00","breadcrumb":{"@id":"https:\/\/www.eatcloud.com\/pt-br\/termos-de-uso\/#breadcrumb"},"inLanguage":"pt-BR","potentialAction":[{"@type":"ReadAction","target":["https:\/\/www.eatcloud.com\/pt-br\/termos-de-uso\/"]}]},{"@type":"BreadcrumbList","@id":"https:\/\/www.eatcloud.com\/pt-br\/termos-de-uso\/#breadcrumb","itemListElement":[{"@type":"ListItem","position":1,"name":"Portada","item":"https:\/\/www.eatcloud.com\/pt-br\/"},{"@type":"ListItem","position":2,"name":"Termos de uso"}]},{"@type":"WebSite","@id":"https:\/\/www.eatcloud.com\/pt-br\/#website","url":"https:\/\/www.eatcloud.com\/pt-br\/","name":"Eatcloud","description":"EatCloud es un puente entre excedentes de alimentos en perfecto estado, que no alcanzan a venderse o consumirse en m&uacute;ltiples canales y las instituciones y comunidades que mas los necesitan en cualquier latitud.","publisher":{"@id":"https:\/\/www.eatcloud.com\/pt-br\/#organization"},"potentialAction":[{"@type":"SearchAction","target":{"@type":"EntryPoint","urlTemplate":"https:\/\/www.eatcloud.com\/pt-br\/?s={search_term_string}"},"query-input":{"@type":"PropertyValueSpecification","valueRequired":true,"valueName":"search_term_string"}}],"inLanguage":"pt-BR"},{"@type":"Organization","@id":"https:\/\/www.eatcloud.com\/pt-br\/#organization","name":"EatCloud","url":"https:\/\/www.eatcloud.com\/pt-br\/","logo":{"@type":"ImageObject","inLanguage":"pt-BR","@id":"https:\/\/www.eatcloud.com\/pt-br\/#\/schema\/logo\/image\/","url":"https:\/\/www.eatcloud.com\/wp-content\/uploads\/2020\/04\/icn-eatcloud.png","contentUrl":"https:\/\/www.eatcloud.com\/wp-content\/uploads\/2020\/04\/icn-eatcloud.png","width":300,"height":300,"caption":"EatCloud"},"image":{"@id":"https:\/\/www.eatcloud.com\/pt-br\/#\/schema\/logo\/image\/"},"sameAs":["https:\/\/www.facebook.com\/Eatcloud-110503960352251\/","https:\/\/www.instagram.com\/eat.cloud\/"]}]}},"_links":{"self":[{"href":"https:\/\/www.eatcloud.com\/pt-br\/wp-json\/wp\/v2\/pages\/239778","targetHints":{"allow":["GET"]}}],"collection":[{"href":"https:\/\/www.eatcloud.com\/pt-br\/wp-json\/wp\/v2\/pages"}],"about":[{"href":"https:\/\/www.eatcloud.com\/pt-br\/wp-json\/wp\/v2\/types\/page"}],"author":[{"embeddable":true,"href":"https:\/\/www.eatcloud.com\/pt-br\/wp-json\/wp\/v2\/users\/1"}],"replies":[{"embeddable":true,"href":"https:\/\/www.eatcloud.com\/pt-br\/wp-json\/wp\/v2\/comments?post=239778"}],"version-history":[{"count":2,"href":"https:\/\/www.eatcloud.com\/pt-br\/wp-json\/wp\/v2\/pages\/239778\/revisions"}],"predecessor-version":[{"id":239780,"href":"https:\/\/www.eatcloud.com\/pt-br\/wp-json\/wp\/v2\/pages\/239778\/revisions\/239780"}],"wp:attachment":[{"href":"https:\/\/www.eatcloud.com\/pt-br\/wp-json\/wp\/v2\/media?parent=239778"}],"curies":[{"name":"wp","href":"https:\/\/api.w.org\/{rel}","templated":true}]}}