{"id":239775,"date":"2020-04-10T16:23:26","date_gmt":"2020-04-10T16:23:26","guid":{"rendered":"https:\/\/www.eatcloud.com\/termos-de-nossa-marca\/"},"modified":"2025-05-28T14:14:22","modified_gmt":"2025-05-28T14:14:22","slug":"termos-de-nossa-marca","status":"publish","type":"page","link":"https:\/\/www.eatcloud.com\/pt-br\/marca-eatcloud\/termos-de-nossa-marca\/","title":{"rendered":"Termos de nossa marca"},"content":{"rendered":"<p>[et_pb_section fb_built=&#8221;1&#8243; _builder_version=&#8221;4.4.1&#8243; global_colors_info=&#8221;{}&#8221;][et_pb_row _builder_version=&#8221;4.4.1&#8243; width=&#8221;50%&#8221; width_tablet=&#8221;&#8221; width_phone=&#8221;80%&#8221; width_last_edited=&#8221;on|desktop&#8221; global_colors_info=&#8221;{}&#8221;][et_pb_column type=&#8221;4_4&#8243; _builder_version=&#8221;4.4.1&#8243; global_colors_info=&#8221;{}&#8221;][et_pb_text _builder_version=&#8221;4.4.1&#8243; custom_margin=&#8221;||60px||false|false&#8221; custom_margin_tablet=&#8221;&#8221; custom_margin_phone=&#8221;&#8221; custom_margin_last_edited=&#8221;on|phone&#8221; global_colors_info=&#8221;{}&#8221;]<\/p>\n<h1>Termos de nossa marca<\/h1>\n<p>[\/et_pb_text][et_pb_text _builder_version=&#8221;4.4.1&#8243; custom_margin=&#8221;-1px|||||&#8221; global_colors_info=&#8221;{}&#8221;]<\/p>\n<h2>Condi\u00e7\u00f5es<\/h2>\n<p>&nbsp;<\/p>\n<p>Ao usar qualquer uma das marcas registradas, logotipos, designs ou ativos do EatCloud, voc\u00ea concorda em cumprir os termos estabelecidos nestas Diretrizes da Marca, os Termos e Condi\u00e7\u00f5es aplic\u00e1veis do EatCloud incorporados por refer\u00eancia<a href=\"https:\/\/www.eatcloud.com\/terminos-de-usuario\/\">(Termos de Uso<\/a>), outras pol\u00edticas do EatCloud ou conforme expressamente permitido pelo EatCloud. Voc\u00ea tamb\u00e9m reconhece que o EatCloud pode tomar medidas contra o uso n\u00e3o autorizado ou infrator ou uso que n\u00e3o esteja em conformidade com estas Diretrizes da Marca. <br \/>  O EatCloud \u00e9 o \u00fanico propriet\u00e1rio das Marcas Comerciais do EatCloud, e voc\u00ea n\u00e3o desafiar\u00e1 ou interferir\u00e1 nos direitos do EatCloud sobre quaisquer Marcas Comerciais do EatCloud, incluindo o uso e o registro de suas Marcas Comerciais do EatCloud.<br \/>  Ao usar as marcas registradas do EatCloud, voc\u00ea deve identificar claramente que elas s\u00e3o marcas registradas do EatCloud S.A.S.<br \/>  Voc\u00ea n\u00e3o usar\u00e1 as marcas registradas do EatCloud de uma maneira que implique que o EatCloud patrocinou ou endossou o uso sem a permiss\u00e3o ou licen\u00e7a expressa por escrito do EatCloud.<br \/>  Voc\u00ea n\u00e3o usar\u00e1 ou solicitar\u00e1 o registro de nenhuma das marcas comerciais do EatCloud, no todo ou em parte, ou qualquer coisa confusamente semelhante \u00e0s marcas comerciais do EatCloud, como uma marca comercial, marca de servi\u00e7o, nome da empresa, nome comercial, nome de dom\u00ednio ou identificador de m\u00eddia social, etc.<br \/>  Voc\u00ea n\u00e3o danificar\u00e1, usar\u00e1 indevidamente, depreciar\u00e1 ou diluir\u00e1 as marcas registradas do EatCloud ou manchar\u00e1 a boa vontade do EatCloud em rela\u00e7\u00e3o a elas. Exemplos de uso indevido incluem: alterar esquemas de cores e\/ou fontes autorizadas, redimensionar, obscurecer, animar ou distorcer ou mutilar marcas registradas ou logotipos. <br \/>  Todo o fundo de com\u00e9rcio associado ao uso que voc\u00ea fizer das Marcas Comerciais do EatCloud ser\u00e1 exclusivo do EatCloud.<br \/>  O EatCloud poder\u00e1 modificar estas Diretrizes de Marcas Registradas ou revogar a permiss\u00e3o de uso das marcas registradas do EatCloud a qualquer momento.<br \/>  Exceto pelo direito limitado de usar as marcas registradas da EatCloud para os fins especificados nestas Diretrizes de Marcas Registradas, nenhum outro direito \u00e9 concedido, por implica\u00e7\u00e3o ou de outra forma. A EatCloud fornece estas Diretrizes de Marcas Registradas \u201ccomo est\u00e3o\u201d e se isenta de quaisquer garantias, expressas ou impl\u00edcitas por lei, com rela\u00e7\u00e3o \u00e0s marcas registradas da EatCloud, incluindo garantias de n\u00e3o viola\u00e7\u00e3o. Estas Diretrizes de marca registrada ser\u00e3o regidas pela lei da Col\u00f4mbia, sem levar em conta os princ\u00edpios de conflito de leis, e o local para qualquer disputa ou reivindica\u00e7\u00e3o decorrente ou relacionada a estes termos ser\u00e1 na cidade de Medell\u00edn.  <\/p>\n<p>&nbsp;<\/p>\n<p>[\/et_pb_text][\/et_pb_column][\/et_pb_row][\/et_pb_section]<\/p>\n","protected":false},"excerpt":{"rendered":"<p>Termos de nossa marcaCondi\u00e7\u00f5es &nbsp; Ao usar qualquer uma das marcas registradas, logotipos, designs ou ativos do EatCloud, voc\u00ea concorda em cumprir os termos estabelecidos nestas Diretrizes da Marca, os Termos e Condi\u00e7\u00f5es aplic\u00e1veis do EatCloud incorporados por refer\u00eancia(Termos de Uso), outras pol\u00edticas do EatCloud ou conforme expressamente permitido pelo EatCloud. Voc\u00ea tamb\u00e9m reconhece que [&hellip;]<\/p>\n","protected":false},"author":1,"featured_media":0,"parent":239802,"menu_order":0,"comment_status":"closed","ping_status":"closed","template":"","meta":{"_et_pb_use_builder":"on","_et_pb_old_content":"","_et_gb_content_width":"","footnotes":""},"class_list":["post-239775","page","type-page","status-publish","hentry"],"yoast_head":"<!-- This site is optimized with the Yoast SEO plugin v26.0 - https:\/\/yoast.com\/wordpress\/plugins\/seo\/ -->\n<title>Termos de nossa marca - Eatcloud<\/title>\n<meta name=\"robots\" content=\"index, follow, max-snippet:-1, max-image-preview:large, max-video-preview:-1\" \/>\n<link rel=\"canonical\" href=\"https:\/\/www.eatcloud.com\/pt-br\/marca-eatcloud\/termos-de-nossa-marca\/\" \/>\n<meta property=\"og:locale\" content=\"pt_BR\" \/>\n<meta property=\"og:type\" content=\"article\" \/>\n<meta property=\"og:title\" content=\"Termos de nossa marca - Eatcloud\" \/>\n<meta property=\"og:description\" content=\"Termos de nossa marcaCondi\u00e7\u00f5es &nbsp; Ao usar qualquer uma das marcas registradas, logotipos, designs ou ativos do EatCloud, voc\u00ea concorda em cumprir os termos estabelecidos nestas Diretrizes da Marca, os Termos e Condi\u00e7\u00f5es aplic\u00e1veis do EatCloud incorporados por refer\u00eancia(Termos de Uso), outras pol\u00edticas do EatCloud ou conforme expressamente permitido pelo EatCloud. Voc\u00ea tamb\u00e9m reconhece que [&hellip;]\" \/>\n<meta property=\"og:url\" content=\"https:\/\/www.eatcloud.com\/pt-br\/marca-eatcloud\/termos-de-nossa-marca\/\" \/>\n<meta property=\"og:site_name\" content=\"Eatcloud\" \/>\n<meta property=\"article:publisher\" content=\"https:\/\/www.facebook.com\/Eatcloud-110503960352251\/\" \/>\n<meta property=\"article:modified_time\" content=\"2025-05-28T14:14:22+00:00\" \/>\n<meta property=\"og:image\" content=\"https:\/\/www.eatcloud.com\/wp-content\/uploads\/2020\/11\/Avatar-EatCloud-e1760667279987.png\" \/>\n\t<meta property=\"og:image:width\" content=\"300\" \/>\n\t<meta property=\"og:image:height\" content=\"300\" \/>\n\t<meta property=\"og:image:type\" content=\"image\/png\" \/>\n<meta name=\"twitter:card\" content=\"summary_large_image\" \/>\n<meta name=\"twitter:label1\" content=\"Est. tempo de leitura\" \/>\n\t<meta name=\"twitter:data1\" content=\"3 minutos\" \/>\n<script type=\"application\/ld+json\" class=\"yoast-schema-graph\">{\"@context\":\"https:\/\/schema.org\",\"@graph\":[{\"@type\":\"WebPage\",\"@id\":\"https:\/\/www.eatcloud.com\/pt-br\/marca-eatcloud\/termos-de-nossa-marca\/\",\"url\":\"https:\/\/www.eatcloud.com\/pt-br\/marca-eatcloud\/termos-de-nossa-marca\/\",\"name\":\"Termos de nossa marca - Eatcloud\",\"isPartOf\":{\"@id\":\"https:\/\/www.eatcloud.com\/pt-br\/#website\"},\"datePublished\":\"2020-04-10T16:23:26+00:00\",\"dateModified\":\"2025-05-28T14:14:22+00:00\",\"breadcrumb\":{\"@id\":\"https:\/\/www.eatcloud.com\/pt-br\/marca-eatcloud\/termos-de-nossa-marca\/#breadcrumb\"},\"inLanguage\":\"pt-BR\",\"potentialAction\":[{\"@type\":\"ReadAction\",\"target\":[\"https:\/\/www.eatcloud.com\/pt-br\/marca-eatcloud\/termos-de-nossa-marca\/\"]}]},{\"@type\":\"BreadcrumbList\",\"@id\":\"https:\/\/www.eatcloud.com\/pt-br\/marca-eatcloud\/termos-de-nossa-marca\/#breadcrumb\",\"itemListElement\":[{\"@type\":\"ListItem\",\"position\":1,\"name\":\"Portada\",\"item\":\"https:\/\/www.eatcloud.com\/pt-br\/\"},{\"@type\":\"ListItem\",\"position\":2,\"name\":\"Marca EatCloud\",\"item\":\"https:\/\/www.eatcloud.com\/pt-br\/eatcloud-brand\/\"},{\"@type\":\"ListItem\",\"position\":3,\"name\":\"Termos de nossa marca\"}]},{\"@type\":\"WebSite\",\"@id\":\"https:\/\/www.eatcloud.com\/pt-br\/#website\",\"url\":\"https:\/\/www.eatcloud.com\/pt-br\/\",\"name\":\"Eatcloud\",\"description\":\"EatCloud es un puente entre excedentes de alimentos en perfecto estado, que no alcanzan a venderse o consumirse en m&uacute;ltiples canales y las instituciones y comunidades que mas los necesitan en cualquier latitud.\",\"publisher\":{\"@id\":\"https:\/\/www.eatcloud.com\/pt-br\/#organization\"},\"potentialAction\":[{\"@type\":\"SearchAction\",\"target\":{\"@type\":\"EntryPoint\",\"urlTemplate\":\"https:\/\/www.eatcloud.com\/pt-br\/?s={search_term_string}\"},\"query-input\":{\"@type\":\"PropertyValueSpecification\",\"valueRequired\":true,\"valueName\":\"search_term_string\"}}],\"inLanguage\":\"pt-BR\"},{\"@type\":\"Organization\",\"@id\":\"https:\/\/www.eatcloud.com\/pt-br\/#organization\",\"name\":\"EatCloud\",\"url\":\"https:\/\/www.eatcloud.com\/pt-br\/\",\"logo\":{\"@type\":\"ImageObject\",\"inLanguage\":\"pt-BR\",\"@id\":\"https:\/\/www.eatcloud.com\/pt-br\/#\/schema\/logo\/image\/\",\"url\":\"https:\/\/www.eatcloud.com\/wp-content\/uploads\/2020\/04\/icn-eatcloud.png\",\"contentUrl\":\"https:\/\/www.eatcloud.com\/wp-content\/uploads\/2020\/04\/icn-eatcloud.png\",\"width\":300,\"height\":300,\"caption\":\"EatCloud\"},\"image\":{\"@id\":\"https:\/\/www.eatcloud.com\/pt-br\/#\/schema\/logo\/image\/\"},\"sameAs\":[\"https:\/\/www.facebook.com\/Eatcloud-110503960352251\/\",\"https:\/\/www.instagram.com\/eat.cloud\/\"]}]}<\/script>\n<!-- \/ Yoast SEO plugin. -->","yoast_head_json":{"title":"Termos de nossa marca - Eatcloud","robots":{"index":"index","follow":"follow","max-snippet":"max-snippet:-1","max-image-preview":"max-image-preview:large","max-video-preview":"max-video-preview:-1"},"canonical":"https:\/\/www.eatcloud.com\/pt-br\/marca-eatcloud\/termos-de-nossa-marca\/","og_locale":"pt_BR","og_type":"article","og_title":"Termos de nossa marca - Eatcloud","og_description":"Termos de nossa marcaCondi\u00e7\u00f5es &nbsp; Ao usar qualquer uma das marcas registradas, logotipos, designs ou ativos do EatCloud, voc\u00ea concorda em cumprir os termos estabelecidos nestas Diretrizes da Marca, os Termos e Condi\u00e7\u00f5es aplic\u00e1veis do EatCloud incorporados por refer\u00eancia(Termos de Uso), outras pol\u00edticas do EatCloud ou conforme expressamente permitido pelo EatCloud. Voc\u00ea tamb\u00e9m reconhece que [&hellip;]","og_url":"https:\/\/www.eatcloud.com\/pt-br\/marca-eatcloud\/termos-de-nossa-marca\/","og_site_name":"Eatcloud","article_publisher":"https:\/\/www.facebook.com\/Eatcloud-110503960352251\/","article_modified_time":"2025-05-28T14:14:22+00:00","og_image":[{"width":300,"height":300,"url":"https:\/\/www.eatcloud.com\/wp-content\/uploads\/2020\/11\/Avatar-EatCloud-e1760667279987.png","type":"image\/png"}],"twitter_card":"summary_large_image","twitter_misc":{"Est. tempo de leitura":"3 minutos"},"schema":{"@context":"https:\/\/schema.org","@graph":[{"@type":"WebPage","@id":"https:\/\/www.eatcloud.com\/pt-br\/marca-eatcloud\/termos-de-nossa-marca\/","url":"https:\/\/www.eatcloud.com\/pt-br\/marca-eatcloud\/termos-de-nossa-marca\/","name":"Termos de nossa marca - Eatcloud","isPartOf":{"@id":"https:\/\/www.eatcloud.com\/pt-br\/#website"},"datePublished":"2020-04-10T16:23:26+00:00","dateModified":"2025-05-28T14:14:22+00:00","breadcrumb":{"@id":"https:\/\/www.eatcloud.com\/pt-br\/marca-eatcloud\/termos-de-nossa-marca\/#breadcrumb"},"inLanguage":"pt-BR","potentialAction":[{"@type":"ReadAction","target":["https:\/\/www.eatcloud.com\/pt-br\/marca-eatcloud\/termos-de-nossa-marca\/"]}]},{"@type":"BreadcrumbList","@id":"https:\/\/www.eatcloud.com\/pt-br\/marca-eatcloud\/termos-de-nossa-marca\/#breadcrumb","itemListElement":[{"@type":"ListItem","position":1,"name":"Portada","item":"https:\/\/www.eatcloud.com\/pt-br\/"},{"@type":"ListItem","position":2,"name":"Marca EatCloud","item":"https:\/\/www.eatcloud.com\/pt-br\/eatcloud-brand\/"},{"@type":"ListItem","position":3,"name":"Termos de nossa marca"}]},{"@type":"WebSite","@id":"https:\/\/www.eatcloud.com\/pt-br\/#website","url":"https:\/\/www.eatcloud.com\/pt-br\/","name":"Eatcloud","description":"EatCloud es un puente entre excedentes de alimentos en perfecto estado, que no alcanzan a venderse o consumirse en m&uacute;ltiples canales y las instituciones y comunidades que mas los necesitan en cualquier latitud.","publisher":{"@id":"https:\/\/www.eatcloud.com\/pt-br\/#organization"},"potentialAction":[{"@type":"SearchAction","target":{"@type":"EntryPoint","urlTemplate":"https:\/\/www.eatcloud.com\/pt-br\/?s={search_term_string}"},"query-input":{"@type":"PropertyValueSpecification","valueRequired":true,"valueName":"search_term_string"}}],"inLanguage":"pt-BR"},{"@type":"Organization","@id":"https:\/\/www.eatcloud.com\/pt-br\/#organization","name":"EatCloud","url":"https:\/\/www.eatcloud.com\/pt-br\/","logo":{"@type":"ImageObject","inLanguage":"pt-BR","@id":"https:\/\/www.eatcloud.com\/pt-br\/#\/schema\/logo\/image\/","url":"https:\/\/www.eatcloud.com\/wp-content\/uploads\/2020\/04\/icn-eatcloud.png","contentUrl":"https:\/\/www.eatcloud.com\/wp-content\/uploads\/2020\/04\/icn-eatcloud.png","width":300,"height":300,"caption":"EatCloud"},"image":{"@id":"https:\/\/www.eatcloud.com\/pt-br\/#\/schema\/logo\/image\/"},"sameAs":["https:\/\/www.facebook.com\/Eatcloud-110503960352251\/","https:\/\/www.instagram.com\/eat.cloud\/"]}]}},"_links":{"self":[{"href":"https:\/\/www.eatcloud.com\/pt-br\/wp-json\/wp\/v2\/pages\/239775","targetHints":{"allow":["GET"]}}],"collection":[{"href":"https:\/\/www.eatcloud.com\/pt-br\/wp-json\/wp\/v2\/pages"}],"about":[{"href":"https:\/\/www.eatcloud.com\/pt-br\/wp-json\/wp\/v2\/types\/page"}],"author":[{"embeddable":true,"href":"https:\/\/www.eatcloud.com\/pt-br\/wp-json\/wp\/v2\/users\/1"}],"replies":[{"embeddable":true,"href":"https:\/\/www.eatcloud.com\/pt-br\/wp-json\/wp\/v2\/comments?post=239775"}],"version-history":[{"count":2,"href":"https:\/\/www.eatcloud.com\/pt-br\/wp-json\/wp\/v2\/pages\/239775\/revisions"}],"predecessor-version":[{"id":239777,"href":"https:\/\/www.eatcloud.com\/pt-br\/wp-json\/wp\/v2\/pages\/239775\/revisions\/239777"}],"up":[{"embeddable":true,"href":"https:\/\/www.eatcloud.com\/pt-br\/wp-json\/wp\/v2\/pages\/239802"}],"wp:attachment":[{"href":"https:\/\/www.eatcloud.com\/pt-br\/wp-json\/wp\/v2\/media?parent=239775"}],"curies":[{"name":"wp","href":"https:\/\/api.w.org\/{rel}","templated":true}]}}