{"id":239752,"date":"2024-10-04T14:37:32","date_gmt":"2024-10-04T14:37:32","guid":{"rendered":"https:\/\/www.eatcloud.com\/politica-de-cookies-detalhada\/"},"modified":"2025-05-28T14:13:53","modified_gmt":"2025-05-28T14:13:53","slug":"politica-de-cookies-detalhada","status":"publish","type":"page","link":"https:\/\/www.eatcloud.com\/pt-br\/politica-de-cookies-detalhada\/","title":{"rendered":"Pol\u00edtica de cookies detalhada"},"content":{"rendered":"<p>[et_pb_section fb_built=&#8221;1&#8243; _builder_version=&#8221;4.16&#8243; global_colors_info=&#8221;{}&#8221; theme_builder_area=&#8221;post_content&#8221;][et_pb_row _builder_version=&#8221;4.27.0&#8243; width_tablet=&#8221;50%&#8221; width_phone=&#8221;80%&#8221; width_last_edited=&#8221;on|desktop&#8221; custom_padding=&#8221;||11px|||&#8221; global_colors_info=&#8221;{}&#8221; theme_builder_area=&#8221;post_content&#8221;][et_pb_column type=&#8221;4_4&#8243; _builder_version=&#8221;4.16&#8243; global_colors_info=&#8221;{}&#8221; theme_builder_area=&#8221;post_content&#8221;][et_pb_post_title author=&#8221;off&#8221; comments=&#8221;off&#8221; featured_image=&#8221;off&#8221; _builder_version=&#8221;4.27.0&#8243; _module_preset=&#8221;default&#8221; hover_enabled=&#8221;0&#8243; global_colors_info=&#8221;{}&#8221; theme_builder_area=&#8221;post_content&#8221; date=&#8221;off&#8221; sticky_enabled=&#8221;0&#8243;][\/et_pb_post_title][et_pb_text _builder_version=&#8221;4.27.0&#8243; _module_preset=&#8221;default&#8221; hover_enabled=&#8221;0&#8243; global_colors_info=&#8221;{}&#8221; theme_builder_area=&#8221;post_content&#8221; sticky_enabled=&#8221;0&#8243;]<\/p>\n<p><strong>Introdu\u00e7\u00e3o<\/strong><br \/>Bem-vindo \u00e0 EatCloud S.A.S. Usamos cookies e tecnologias semelhantes para melhorar sua experi\u00eancia em nosso site, analisar como voc\u00ea o utiliza e mostrar an\u00fancios personalizados. Esta pol\u00edtica explica o que s\u00e3o cookies, como os usamos e como voc\u00ea pode controlar seu uso.<\/p>\n<p><strong>O que s\u00e3o cookies?<\/strong><br \/>Cookies s\u00e3o pequenos arquivos de texto que os sites colocam no seu dispositivo quando voc\u00ea navega na Internet. Eles permitem que o site se lembre de suas a\u00e7\u00f5es e prefer\u00eancias (como login, idioma, tamanho da fonte e outras prefer\u00eancias de exibi\u00e7\u00e3o) durante um per\u00edodo de tempo, para que voc\u00ea n\u00e3o precise digit\u00e1-las novamente sempre que retornar ao site ou navegar de uma p\u00e1gina para outra.<\/p>\n<p><strong>Tipos de cookies que usamos<\/strong><\/p>\n<p>1. cookies necess\u00e1rios: esses cookies s\u00e3o essenciais para a opera\u00e7\u00e3o do nosso site. Eles facilitam fun\u00e7\u00f5es b\u00e1sicas, como navega\u00e7\u00e3o na p\u00e1gina e acesso a \u00e1reas seguras do site.<br \/>2. Cookies de prefer\u00eancia: Esses cookies permitem que nosso site se lembre de informa\u00e7\u00f5es que alteram o comportamento ou a apar\u00eancia do site, como o idioma preferido ou a regi\u00e3o em que voc\u00ea se encontra.<br \/>3. Cookies de estat\u00edsticas: Esses cookies nos ajudam a entender como os visitantes interagem com o site, coletando e relatando informa\u00e7\u00f5es de forma an\u00f4nima.<br \/>4. Cookies de marketing: Esses cookies s\u00e3o usados para rastrear visitantes em sites. A inten\u00e7\u00e3o \u00e9 exibir an\u00fancios que sejam relevantes e atraentes para o usu\u00e1rio individual e, portanto, mais valiosos para editores e anunciantes terceirizados.<\/p>\n<p><strong>Gerenciamento de<\/strong> cookies<br \/>Voc\u00ea pode gerenciar e\/ou excluir cookies como desejar &#8211; para obter detalhes, consulte aboutcookies.org. Voc\u00ea pode excluir todos os cookies que j\u00e1 est\u00e3o no seu computador e pode configurar a maioria dos navegadores para impedir que eles sejam colocados. No entanto, se voc\u00ea fizer isso, talvez tenha que ajustar manualmente algumas prefer\u00eancias sempre que visitar um site, e alguns servi\u00e7os e funcionalidades podem n\u00e3o funcionar.<\/p>\n<p><strong>Consentimento de<\/strong> cookies<br \/>Ao usar nosso site, voc\u00ea concorda com o uso de cookies de acordo com esta Pol\u00edtica de Cookies. Se voc\u00ea n\u00e3o concordar com o uso desses cookies, desative-os seguindo as instru\u00e7\u00f5es acima ou evite usar nosso site.<\/p>\n<p><strong>Atualiza\u00e7\u00f5es de nossa Pol\u00edtica de Cookies<\/strong><br \/>Podemos atualizar nossa Pol\u00edtica de Cookies de tempos em tempos. Convidamos voc\u00ea a rever esta pol\u00edtica para se informar sobre como usamos cookies.<\/p>\n<p>[\/et_pb_text][\/et_pb_column][\/et_pb_row][\/et_pb_section]<\/p>\n","protected":false},"excerpt":{"rendered":"<p>Introdu\u00e7\u00e3oBem-vindo \u00e0 EatCloud S.A.S. Usamos cookies e tecnologias semelhantes para melhorar sua experi\u00eancia em nosso site, analisar como voc\u00ea o utiliza e mostrar an\u00fancios personalizados. Esta pol\u00edtica explica o que s\u00e3o cookies, como os usamos e como voc\u00ea pode controlar seu uso. O que s\u00e3o cookies?Cookies s\u00e3o pequenos arquivos de texto que os sites colocam [&hellip;]<\/p>\n","protected":false},"author":1,"featured_media":0,"parent":0,"menu_order":0,"comment_status":"closed","ping_status":"closed","template":"","meta":{"_et_pb_use_builder":"on","_et_pb_old_content":"","_et_gb_content_width":"","footnotes":""},"class_list":["post-239752","page","type-page","status-publish","hentry"],"yoast_head":"<!-- This site is optimized with the Yoast SEO plugin v26.0 - https:\/\/yoast.com\/wordpress\/plugins\/seo\/ -->\n<title>Pol\u00edtica de cookies detalhada - Eatcloud<\/title>\n<meta name=\"robots\" content=\"index, follow, max-snippet:-1, max-image-preview:large, max-video-preview:-1\" \/>\n<link rel=\"canonical\" href=\"https:\/\/www.eatcloud.com\/pt-br\/politica-de-cookies-detalhada\/\" \/>\n<meta property=\"og:locale\" content=\"pt_BR\" \/>\n<meta property=\"og:type\" content=\"article\" \/>\n<meta property=\"og:title\" content=\"Pol\u00edtica de cookies detalhada - Eatcloud\" \/>\n<meta property=\"og:description\" content=\"Introdu\u00e7\u00e3oBem-vindo \u00e0 EatCloud S.A.S. Usamos cookies e tecnologias semelhantes para melhorar sua experi\u00eancia em nosso site, analisar como voc\u00ea o utiliza e mostrar an\u00fancios personalizados. Esta pol\u00edtica explica o que s\u00e3o cookies, como os usamos e como voc\u00ea pode controlar seu uso. O que s\u00e3o cookies?Cookies s\u00e3o pequenos arquivos de texto que os sites colocam [&hellip;]\" \/>\n<meta property=\"og:url\" content=\"https:\/\/www.eatcloud.com\/pt-br\/politica-de-cookies-detalhada\/\" \/>\n<meta property=\"og:site_name\" content=\"Eatcloud\" \/>\n<meta property=\"article:publisher\" content=\"https:\/\/www.facebook.com\/Eatcloud-110503960352251\/\" \/>\n<meta property=\"article:modified_time\" content=\"2025-05-28T14:13:53+00:00\" \/>\n<meta property=\"og:image\" content=\"https:\/\/www.eatcloud.com\/wp-content\/uploads\/2020\/11\/Avatar-EatCloud-e1760667279987.png\" \/>\n\t<meta property=\"og:image:width\" content=\"300\" \/>\n\t<meta property=\"og:image:height\" content=\"300\" \/>\n\t<meta property=\"og:image:type\" content=\"image\/png\" \/>\n<meta name=\"twitter:card\" content=\"summary_large_image\" \/>\n<meta name=\"twitter:label1\" content=\"Est. tempo de leitura\" \/>\n\t<meta name=\"twitter:data1\" content=\"3 minutos\" \/>\n<script type=\"application\/ld+json\" class=\"yoast-schema-graph\">{\"@context\":\"https:\/\/schema.org\",\"@graph\":[{\"@type\":\"WebPage\",\"@id\":\"https:\/\/www.eatcloud.com\/pt-br\/politica-de-cookies-detalhada\/\",\"url\":\"https:\/\/www.eatcloud.com\/pt-br\/politica-de-cookies-detalhada\/\",\"name\":\"Pol\u00edtica de cookies detalhada - Eatcloud\",\"isPartOf\":{\"@id\":\"https:\/\/www.eatcloud.com\/pt-br\/#website\"},\"datePublished\":\"2024-10-04T14:37:32+00:00\",\"dateModified\":\"2025-05-28T14:13:53+00:00\",\"breadcrumb\":{\"@id\":\"https:\/\/www.eatcloud.com\/pt-br\/politica-de-cookies-detalhada\/#breadcrumb\"},\"inLanguage\":\"pt-BR\",\"potentialAction\":[{\"@type\":\"ReadAction\",\"target\":[\"https:\/\/www.eatcloud.com\/pt-br\/politica-de-cookies-detalhada\/\"]}]},{\"@type\":\"BreadcrumbList\",\"@id\":\"https:\/\/www.eatcloud.com\/pt-br\/politica-de-cookies-detalhada\/#breadcrumb\",\"itemListElement\":[{\"@type\":\"ListItem\",\"position\":1,\"name\":\"Portada\",\"item\":\"https:\/\/www.eatcloud.com\/pt-br\/\"},{\"@type\":\"ListItem\",\"position\":2,\"name\":\"Pol\u00edtica de cookies detalhada\"}]},{\"@type\":\"WebSite\",\"@id\":\"https:\/\/www.eatcloud.com\/pt-br\/#website\",\"url\":\"https:\/\/www.eatcloud.com\/pt-br\/\",\"name\":\"Eatcloud\",\"description\":\"EatCloud es un puente entre excedentes de alimentos en perfecto estado, que no alcanzan a venderse o consumirse en m&uacute;ltiples canales y las instituciones y comunidades que mas los necesitan en cualquier latitud.\",\"publisher\":{\"@id\":\"https:\/\/www.eatcloud.com\/pt-br\/#organization\"},\"potentialAction\":[{\"@type\":\"SearchAction\",\"target\":{\"@type\":\"EntryPoint\",\"urlTemplate\":\"https:\/\/www.eatcloud.com\/pt-br\/?s={search_term_string}\"},\"query-input\":{\"@type\":\"PropertyValueSpecification\",\"valueRequired\":true,\"valueName\":\"search_term_string\"}}],\"inLanguage\":\"pt-BR\"},{\"@type\":\"Organization\",\"@id\":\"https:\/\/www.eatcloud.com\/pt-br\/#organization\",\"name\":\"EatCloud\",\"url\":\"https:\/\/www.eatcloud.com\/pt-br\/\",\"logo\":{\"@type\":\"ImageObject\",\"inLanguage\":\"pt-BR\",\"@id\":\"https:\/\/www.eatcloud.com\/pt-br\/#\/schema\/logo\/image\/\",\"url\":\"https:\/\/www.eatcloud.com\/wp-content\/uploads\/2020\/04\/icn-eatcloud.png\",\"contentUrl\":\"https:\/\/www.eatcloud.com\/wp-content\/uploads\/2020\/04\/icn-eatcloud.png\",\"width\":300,\"height\":300,\"caption\":\"EatCloud\"},\"image\":{\"@id\":\"https:\/\/www.eatcloud.com\/pt-br\/#\/schema\/logo\/image\/\"},\"sameAs\":[\"https:\/\/www.facebook.com\/Eatcloud-110503960352251\/\",\"https:\/\/www.instagram.com\/eat.cloud\/\"]}]}<\/script>\n<!-- \/ Yoast SEO plugin. -->","yoast_head_json":{"title":"Pol\u00edtica de cookies detalhada - Eatcloud","robots":{"index":"index","follow":"follow","max-snippet":"max-snippet:-1","max-image-preview":"max-image-preview:large","max-video-preview":"max-video-preview:-1"},"canonical":"https:\/\/www.eatcloud.com\/pt-br\/politica-de-cookies-detalhada\/","og_locale":"pt_BR","og_type":"article","og_title":"Pol\u00edtica de cookies detalhada - Eatcloud","og_description":"Introdu\u00e7\u00e3oBem-vindo \u00e0 EatCloud S.A.S. Usamos cookies e tecnologias semelhantes para melhorar sua experi\u00eancia em nosso site, analisar como voc\u00ea o utiliza e mostrar an\u00fancios personalizados. Esta pol\u00edtica explica o que s\u00e3o cookies, como os usamos e como voc\u00ea pode controlar seu uso. O que s\u00e3o cookies?Cookies s\u00e3o pequenos arquivos de texto que os sites colocam [&hellip;]","og_url":"https:\/\/www.eatcloud.com\/pt-br\/politica-de-cookies-detalhada\/","og_site_name":"Eatcloud","article_publisher":"https:\/\/www.facebook.com\/Eatcloud-110503960352251\/","article_modified_time":"2025-05-28T14:13:53+00:00","og_image":[{"width":300,"height":300,"url":"https:\/\/www.eatcloud.com\/wp-content\/uploads\/2020\/11\/Avatar-EatCloud-e1760667279987.png","type":"image\/png"}],"twitter_card":"summary_large_image","twitter_misc":{"Est. tempo de leitura":"3 minutos"},"schema":{"@context":"https:\/\/schema.org","@graph":[{"@type":"WebPage","@id":"https:\/\/www.eatcloud.com\/pt-br\/politica-de-cookies-detalhada\/","url":"https:\/\/www.eatcloud.com\/pt-br\/politica-de-cookies-detalhada\/","name":"Pol\u00edtica de cookies detalhada - Eatcloud","isPartOf":{"@id":"https:\/\/www.eatcloud.com\/pt-br\/#website"},"datePublished":"2024-10-04T14:37:32+00:00","dateModified":"2025-05-28T14:13:53+00:00","breadcrumb":{"@id":"https:\/\/www.eatcloud.com\/pt-br\/politica-de-cookies-detalhada\/#breadcrumb"},"inLanguage":"pt-BR","potentialAction":[{"@type":"ReadAction","target":["https:\/\/www.eatcloud.com\/pt-br\/politica-de-cookies-detalhada\/"]}]},{"@type":"BreadcrumbList","@id":"https:\/\/www.eatcloud.com\/pt-br\/politica-de-cookies-detalhada\/#breadcrumb","itemListElement":[{"@type":"ListItem","position":1,"name":"Portada","item":"https:\/\/www.eatcloud.com\/pt-br\/"},{"@type":"ListItem","position":2,"name":"Pol\u00edtica de cookies detalhada"}]},{"@type":"WebSite","@id":"https:\/\/www.eatcloud.com\/pt-br\/#website","url":"https:\/\/www.eatcloud.com\/pt-br\/","name":"Eatcloud","description":"EatCloud es un puente entre excedentes de alimentos en perfecto estado, que no alcanzan a venderse o consumirse en m&uacute;ltiples canales y las instituciones y comunidades que mas los necesitan en cualquier latitud.","publisher":{"@id":"https:\/\/www.eatcloud.com\/pt-br\/#organization"},"potentialAction":[{"@type":"SearchAction","target":{"@type":"EntryPoint","urlTemplate":"https:\/\/www.eatcloud.com\/pt-br\/?s={search_term_string}"},"query-input":{"@type":"PropertyValueSpecification","valueRequired":true,"valueName":"search_term_string"}}],"inLanguage":"pt-BR"},{"@type":"Organization","@id":"https:\/\/www.eatcloud.com\/pt-br\/#organization","name":"EatCloud","url":"https:\/\/www.eatcloud.com\/pt-br\/","logo":{"@type":"ImageObject","inLanguage":"pt-BR","@id":"https:\/\/www.eatcloud.com\/pt-br\/#\/schema\/logo\/image\/","url":"https:\/\/www.eatcloud.com\/wp-content\/uploads\/2020\/04\/icn-eatcloud.png","contentUrl":"https:\/\/www.eatcloud.com\/wp-content\/uploads\/2020\/04\/icn-eatcloud.png","width":300,"height":300,"caption":"EatCloud"},"image":{"@id":"https:\/\/www.eatcloud.com\/pt-br\/#\/schema\/logo\/image\/"},"sameAs":["https:\/\/www.facebook.com\/Eatcloud-110503960352251\/","https:\/\/www.instagram.com\/eat.cloud\/"]}]}},"_links":{"self":[{"href":"https:\/\/www.eatcloud.com\/pt-br\/wp-json\/wp\/v2\/pages\/239752","targetHints":{"allow":["GET"]}}],"collection":[{"href":"https:\/\/www.eatcloud.com\/pt-br\/wp-json\/wp\/v2\/pages"}],"about":[{"href":"https:\/\/www.eatcloud.com\/pt-br\/wp-json\/wp\/v2\/types\/page"}],"author":[{"embeddable":true,"href":"https:\/\/www.eatcloud.com\/pt-br\/wp-json\/wp\/v2\/users\/1"}],"replies":[{"embeddable":true,"href":"https:\/\/www.eatcloud.com\/pt-br\/wp-json\/wp\/v2\/comments?post=239752"}],"version-history":[{"count":2,"href":"https:\/\/www.eatcloud.com\/pt-br\/wp-json\/wp\/v2\/pages\/239752\/revisions"}],"predecessor-version":[{"id":239756,"href":"https:\/\/www.eatcloud.com\/pt-br\/wp-json\/wp\/v2\/pages\/239752\/revisions\/239756"}],"wp:attachment":[{"href":"https:\/\/www.eatcloud.com\/pt-br\/wp-json\/wp\/v2\/media?parent=239752"}],"curies":[{"name":"wp","href":"https:\/\/api.w.org\/{rel}","templated":true}]}}